{"id":1211,"date":"2026-02-26T20:36:07","date_gmt":"2026-02-26T20:36:07","guid":{"rendered":"https:\/\/cabbia.it\/?page_id=1211"},"modified":"2026-03-29T16:11:35","modified_gmt":"2026-03-29T16:11:35","slug":"tavolo-resinato-in-teak-2-2-2-3-2-4","status":"publish","type":"page","link":"https:\/\/cabbia.it\/?page_id=1211","title":{"rendered":"Tronco Cipresso Naturale"},"content":{"rendered":"<!-- wp:themify-builder\/canvas \/-->\n\n<!--themify_builder_static--><h1><strong>Tronco Cipresso Naturale<\/strong><\/h1> <h2>\u00a0<\/h2>\n<img loading=\"lazy\" decoding=\"async\" src=\"https:\/\/cabbia.it\/wp-content\/uploads\/2026\/02\/Schermata-2026-02-26-alle-21.37.59-808x1024-700x700.png\" width=\"700\" height=\"700\" title=\"Schermata 2026-02-26 alle 21.37.59\" alt=\"Schermata 2026-02-26 alle 21.37.59\" srcset=\"https:\/\/cabbia.it\/wp-content\/uploads\/2026\/02\/Schermata-2026-02-26-alle-21.37.59-808x1024-700x700.png 700w, https:\/\/cabbia.it\/wp-content\/uploads\/2026\/02\/Schermata-2026-02-26-alle-21.37.59-150x150.png 150w\" sizes=\"auto, (max-width: 700px) 100vw, 700px\" \/>\n<h2><strong>Un Capolavoro di Storia e Design<\/strong><\/h2>\n<p>Questo elemento d&#8217;arredo non \u00e8 un semplice sgabello o tavolino, ma un pezzo unico di design naturale, capace di infondere calore e autenticit\u00e0 in ogni ambiente, dall&#8217;interno all&#8217;esterno. Ricavato da un tronco di Cipresso (Cupressus), questo blocco di legno massiccio celebra la bellezza grezza e la forza intrinseca della natura. Caratteristiche e Fascino Naturale, la vera forza di questo pezzo risiede nella sua sincerit\u00e0 materiale e nei suoi dettagli organici.<\/p>\n<h2><b>Carattere Maestoso<\/b><\/h2> <p>I perni in acciaio e le gambe in ferro antracite, dalla finitura sobria ed elegante, sono l&#8217;ancora moderna che supporta con discrezione il peso di un&#8217;eredit\u00e0. La loro linearit\u00e0 minimale e la tonalit\u00e0 scura creano un contrasto audace ma armonioso con il calore vissuto del legno, evidenziando il suo carattere maestoso senza prevaricarlo.<\/p>\n<img loading=\"lazy\" decoding=\"async\" src=\"https:\/\/cabbia.it\/wp-content\/uploads\/2026\/02\/Schermata-2026-02-26-alle-21.46.42-804x1024-600x550.png\" width=\"600\" height=\"550\" title=\"Schermata 2026-02-26 alle 21.46.42\" alt=\"Schermata 2026-02-26 alle 21.46.42\"><!--\/themify_builder_static-->","protected":false},"excerpt":{"rendered":"<p>Tronco Cipresso Naturale \u00a0 Un Capolavoro di Storia e Design Questo elemento d&#8217;arredo non \u00e8 un semplice sgabello o tavolino, ma un pezzo unico di design naturale, capace di infondere calore e autenticit\u00e0 in ogni ambiente, dall&#8217;interno all&#8217;esterno. Ricavato da un tronco di Cipresso (Cupressus), questo blocco di legno massiccio celebra la bellezza grezza e [&hellip;]<\/p>\n","protected":false},"author":2,"featured_media":0,"parent":0,"menu_order":0,"comment_status":"closed","ping_status":"closed","template":"","meta":{"_monsterinsights_skip_tracking":false,"_monsterinsights_sitenote_active":false,"_monsterinsights_sitenote_note":"","_monsterinsights_sitenote_category":0,"footnotes":""},"class_list":["post-1211","page","type-page","status-publish","hentry","has-post-title","has-post-date","has-post-category","has-post-tag","has-post-comment","has-post-author",""],"yoast_head":"<!-- This site is optimized with the Yoast SEO plugin v26.8 - https:\/\/yoast.com\/product\/yoast-seo-wordpress\/ -->\n<title>Tronco Cipresso Naturale - Cabbia<\/title>\n<meta name=\"robots\" content=\"index, follow, max-snippet:-1, max-image-preview:large, max-video-preview:-1\" \/>\n<link rel=\"canonical\" href=\"https:\/\/cabbia.it\/?page_id=1211\" \/>\n<meta property=\"og:locale\" content=\"it_IT\" \/>\n<meta property=\"og:type\" content=\"article\" \/>\n<meta property=\"og:title\" content=\"Tronco Cipresso Naturale - Cabbia\" \/>\n<meta property=\"og:description\" content=\"Tronco Cipresso Naturale \u00a0 Un Capolavoro di Storia e Design Questo elemento d&#8217;arredo non \u00e8 un semplice sgabello o tavolino, ma un pezzo unico di design naturale, capace di infondere calore e autenticit\u00e0 in ogni ambiente, dall&#8217;interno all&#8217;esterno. Ricavato da un tronco di Cipresso (Cupressus), questo blocco di legno massiccio celebra la bellezza grezza e [&hellip;]\" \/>\n<meta property=\"og:url\" content=\"https:\/\/cabbia.it\/?page_id=1211\" \/>\n<meta property=\"og:site_name\" content=\"Cabbia\" \/>\n<meta property=\"article:modified_time\" content=\"2026-03-29T16:11:35+00:00\" \/>\n<meta name=\"twitter:card\" content=\"summary_large_image\" \/>\n<meta name=\"twitter:label1\" content=\"Tempo di lettura stimato\" \/>\n\t<meta name=\"twitter:data1\" content=\"3 minuti\" \/>\n<script type=\"application\/ld+json\" class=\"yoast-schema-graph\">{\"@context\":\"https:\/\/schema.org\",\"@graph\":[{\"@type\":\"WebPage\",\"@id\":\"https:\/\/cabbia.it\/?page_id=1211\",\"url\":\"https:\/\/cabbia.it\/?page_id=1211\",\"name\":\"Tronco Cipresso Naturale - Cabbia\",\"isPartOf\":{\"@id\":\"https:\/\/cabbia.it\/#website\"},\"primaryImageOfPage\":{\"@id\":\"https:\/\/cabbia.it\/?page_id=1211#primaryimage\"},\"image\":{\"@id\":\"https:\/\/cabbia.it\/?page_id=1211#primaryimage\"},\"thumbnailUrl\":\"https:\/\/cabbia.it\/wp-content\/uploads\/2026\/02\/Schermata-2026-02-26-alle-21.37.59-808x1024-700x700.png\",\"datePublished\":\"2026-02-26T20:36:07+00:00\",\"dateModified\":\"2026-03-29T16:11:35+00:00\",\"breadcrumb\":{\"@id\":\"https:\/\/cabbia.it\/?page_id=1211#breadcrumb\"},\"inLanguage\":\"it-IT\",\"potentialAction\":[{\"@type\":\"ReadAction\",\"target\":[\"https:\/\/cabbia.it\/?page_id=1211\"]}]},{\"@type\":\"ImageObject\",\"inLanguage\":\"it-IT\",\"@id\":\"https:\/\/cabbia.it\/?page_id=1211#primaryimage\",\"url\":\"https:\/\/cabbia.it\/wp-content\/uploads\/2026\/02\/Schermata-2026-02-26-alle-21.37.59-808x1024-700x700.png\",\"contentUrl\":\"https:\/\/cabbia.it\/wp-content\/uploads\/2026\/02\/Schermata-2026-02-26-alle-21.37.59-808x1024-700x700.png\"},{\"@type\":\"BreadcrumbList\",\"@id\":\"https:\/\/cabbia.it\/?page_id=1211#breadcrumb\",\"itemListElement\":[{\"@type\":\"ListItem\",\"position\":1,\"name\":\"Home\",\"item\":\"https:\/\/cabbia.it\/\"},{\"@type\":\"ListItem\",\"position\":2,\"name\":\"Tronco Cipresso Naturale\"}]},{\"@type\":\"WebSite\",\"@id\":\"https:\/\/cabbia.it\/#website\",\"url\":\"https:\/\/cabbia.it\/\",\"name\":\"Cabbia\",\"description\":\"Cabbia\",\"potentialAction\":[{\"@type\":\"SearchAction\",\"target\":{\"@type\":\"EntryPoint\",\"urlTemplate\":\"https:\/\/cabbia.it\/?s={search_term_string}\"},\"query-input\":{\"@type\":\"PropertyValueSpecification\",\"valueRequired\":true,\"valueName\":\"search_term_string\"}}],\"inLanguage\":\"it-IT\"}]}<\/script>\n<!-- \/ Yoast SEO plugin. -->","yoast_head_json":{"title":"Tronco Cipresso Naturale - Cabbia","robots":{"index":"index","follow":"follow","max-snippet":"max-snippet:-1","max-image-preview":"max-image-preview:large","max-video-preview":"max-video-preview:-1"},"canonical":"https:\/\/cabbia.it\/?page_id=1211","og_locale":"it_IT","og_type":"article","og_title":"Tronco Cipresso Naturale - Cabbia","og_description":"Tronco Cipresso Naturale \u00a0 Un Capolavoro di Storia e Design Questo elemento d&#8217;arredo non \u00e8 un semplice sgabello o tavolino, ma un pezzo unico di design naturale, capace di infondere calore e autenticit\u00e0 in ogni ambiente, dall&#8217;interno all&#8217;esterno. Ricavato da un tronco di Cipresso (Cupressus), questo blocco di legno massiccio celebra la bellezza grezza e [&hellip;]","og_url":"https:\/\/cabbia.it\/?page_id=1211","og_site_name":"Cabbia","article_modified_time":"2026-03-29T16:11:35+00:00","twitter_card":"summary_large_image","twitter_misc":{"Tempo di lettura stimato":"3 minuti"},"schema":{"@context":"https:\/\/schema.org","@graph":[{"@type":"WebPage","@id":"https:\/\/cabbia.it\/?page_id=1211","url":"https:\/\/cabbia.it\/?page_id=1211","name":"Tronco Cipresso Naturale - Cabbia","isPartOf":{"@id":"https:\/\/cabbia.it\/#website"},"primaryImageOfPage":{"@id":"https:\/\/cabbia.it\/?page_id=1211#primaryimage"},"image":{"@id":"https:\/\/cabbia.it\/?page_id=1211#primaryimage"},"thumbnailUrl":"https:\/\/cabbia.it\/wp-content\/uploads\/2026\/02\/Schermata-2026-02-26-alle-21.37.59-808x1024-700x700.png","datePublished":"2026-02-26T20:36:07+00:00","dateModified":"2026-03-29T16:11:35+00:00","breadcrumb":{"@id":"https:\/\/cabbia.it\/?page_id=1211#breadcrumb"},"inLanguage":"it-IT","potentialAction":[{"@type":"ReadAction","target":["https:\/\/cabbia.it\/?page_id=1211"]}]},{"@type":"ImageObject","inLanguage":"it-IT","@id":"https:\/\/cabbia.it\/?page_id=1211#primaryimage","url":"https:\/\/cabbia.it\/wp-content\/uploads\/2026\/02\/Schermata-2026-02-26-alle-21.37.59-808x1024-700x700.png","contentUrl":"https:\/\/cabbia.it\/wp-content\/uploads\/2026\/02\/Schermata-2026-02-26-alle-21.37.59-808x1024-700x700.png"},{"@type":"BreadcrumbList","@id":"https:\/\/cabbia.it\/?page_id=1211#breadcrumb","itemListElement":[{"@type":"ListItem","position":1,"name":"Home","item":"https:\/\/cabbia.it\/"},{"@type":"ListItem","position":2,"name":"Tronco Cipresso Naturale"}]},{"@type":"WebSite","@id":"https:\/\/cabbia.it\/#website","url":"https:\/\/cabbia.it\/","name":"Cabbia","description":"Cabbia","potentialAction":[{"@type":"SearchAction","target":{"@type":"EntryPoint","urlTemplate":"https:\/\/cabbia.it\/?s={search_term_string}"},"query-input":{"@type":"PropertyValueSpecification","valueRequired":true,"valueName":"search_term_string"}}],"inLanguage":"it-IT"}]}},"builder_content":"<h1><strong>Tronco Cipresso Naturale<\/strong><\/h1> <h2>\u00a0<\/h2>\n<img src=\"https:\/\/cabbia.it\/wp-content\/uploads\/2026\/02\/Schermata-2026-02-26-alle-21.37.59-808x1024-700x700.png\" width=\"700\" height=\"700\" title=\"Schermata 2026-02-26 alle 21.37.59\" alt=\"Schermata 2026-02-26 alle 21.37.59\" srcset=\"https:\/\/cabbia.it\/wp-content\/uploads\/2026\/02\/Schermata-2026-02-26-alle-21.37.59-808x1024-700x700.png 700w, https:\/\/cabbia.it\/wp-content\/uploads\/2026\/02\/Schermata-2026-02-26-alle-21.37.59-150x150.png 150w\" sizes=\"(max-width: 700px) 100vw, 700px\" \/>\n<h2><strong>Un Capolavoro di Storia e Design<\/strong><\/h2>\n<p>Questo elemento d'arredo non \u00e8 un semplice sgabello o tavolino, ma un pezzo unico di design naturale, capace di infondere calore e autenticit\u00e0 in ogni ambiente, dall'interno all'esterno. Ricavato da un tronco di Cipresso (Cupressus), questo blocco di legno massiccio celebra la bellezza grezza e la forza intrinseca della natura. Caratteristiche e Fascino Naturale, la vera forza di questo pezzo risiede nella sua sincerit\u00e0 materiale e nei suoi dettagli organici.<\/p>\n<h2><b>Carattere Maestoso<\/b><\/h2> <p>I perni in acciaio e le gambe in ferro antracite, dalla finitura sobria ed elegante, sono l'ancora moderna che supporta con discrezione il peso di un'eredit\u00e0. La loro linearit\u00e0 minimale e la tonalit\u00e0 scura creano un contrasto audace ma armonioso con il calore vissuto del legno, evidenziando il suo carattere maestoso senza prevaricarlo.<\/p>\n<img src=\"https:\/\/cabbia.it\/wp-content\/uploads\/2026\/02\/Schermata-2026-02-26-alle-21.46.42-804x1024-600x550.png\" width=\"600\" height=\"550\" title=\"Schermata 2026-02-26 alle 21.46.42\" alt=\"Schermata 2026-02-26 alle 21.46.42\">","_links":{"self":[{"href":"https:\/\/cabbia.it\/index.php?rest_route=\/wp\/v2\/pages\/1211","targetHints":{"allow":["GET"]}}],"collection":[{"href":"https:\/\/cabbia.it\/index.php?rest_route=\/wp\/v2\/pages"}],"about":[{"href":"https:\/\/cabbia.it\/index.php?rest_route=\/wp\/v2\/types\/page"}],"author":[{"embeddable":true,"href":"https:\/\/cabbia.it\/index.php?rest_route=\/wp\/v2\/users\/2"}],"replies":[{"embeddable":true,"href":"https:\/\/cabbia.it\/index.php?rest_route=%2Fwp%2Fv2%2Fcomments&post=1211"}],"version-history":[{"count":10,"href":"https:\/\/cabbia.it\/index.php?rest_route=\/wp\/v2\/pages\/1211\/revisions"}],"predecessor-version":[{"id":1483,"href":"https:\/\/cabbia.it\/index.php?rest_route=\/wp\/v2\/pages\/1211\/revisions\/1483"}],"wp:attachment":[{"href":"https:\/\/cabbia.it\/index.php?rest_route=%2Fwp%2Fv2%2Fmedia&parent=1211"}],"curies":[{"name":"wp","href":"https:\/\/api.w.org\/{rel}","templated":true}]}}