{"id":1224,"date":"2026-02-28T21:17:49","date_gmt":"2026-02-28T21:17:49","guid":{"rendered":"https:\/\/cabbia.it\/?page_id=1224"},"modified":"2026-02-28T21:57:39","modified_gmt":"2026-02-28T21:57:39","slug":"tavolo-suar-wood-4","status":"publish","type":"page","link":"https:\/\/cabbia.it\/?page_id=1224","title":{"rendered":"Piano Bagno in Rovere\u00a0"},"content":{"rendered":"<!-- wp:themify-builder\/canvas \/-->\n\n<!--themify_builder_static--><h2><strong>Piano Bagno in Rovere<\/strong><\/h2> <h2>\u00a0<\/h2>\n<img loading=\"lazy\" decoding=\"async\" src=\"https:\/\/cabbia.it\/wp-content\/uploads\/2026\/02\/unnamed-700x700.jpg\" width=\"700\" height=\"700\" title=\"unnamed\" alt=\"unnamed\" srcset=\"https:\/\/cabbia.it\/wp-content\/uploads\/2026\/02\/unnamed-700x700.jpg 700w, https:\/\/cabbia.it\/wp-content\/uploads\/2026\/02\/unnamed-150x150.jpg 150w\" sizes=\"auto, (max-width: 700px) 100vw, 700px\" \/>\n<h2 data-start=\"80\" data-end=\"172\"><strong data-start=\"93\" data-end=\"172\">L\u2019essenza autentica della natura diventa design<\/strong><\/h2>\n<h3>Un piano unico che racconta storie millenarie attraverso venature vive<\/h3>\n<p>Questo piano in rovere massiccio scortecciato della Cabbia non \u00e8 semplicemente un elemento d&#8217;arredo, ma una vera e propria ode alla natura, un capolavoro di design che dialoga con l&#8217;anima. Ogni venatura profonda e sinuosa racconta una storia millenaria, quella di un albero vissuto, con la sua essenza pi\u00f9 autentica e primordiale che si rivela nel suggestivo lato &#8220;vico&#8221; della stessa tavola, conservando le curve e le imperfezioni naturali che lo rendono unico.<\/p>\n<p>La superficie, spazzolata con maestria, esalta le texture intrinseche del legno, invitando al tatto e regalando una sensazione di ruvida nobilt\u00e0, una profondit\u00e0 tattile che aggiunge carattere e calore. Questa lavorazione non solo conferisce un aspetto visivo tridimensionale, ma ne sottolinea la materia viva, rendendola palpabile.<\/p> <p>Ma la sua bellezza non \u00e8 l&#8217;unico pregio: \u00e8 anche verniciato, un trattamento che lo protegge e ne esalta la luminosit\u00e0, conferendogli una finitura setosa che riflette la luce in modo discreto ed elegante. Questa verniciatura avanzata lo rende incredibilmente resistente all&#8217;usura quotidiana, all&#8217;umidit\u00e0 e ai piccoli incidenti, garantendo che la sua magnificenza duri inalterata nel tempo. \u00c8 progettato per essere vissuto, per accompagnare momenti di vita, senza timore di perdere il suo splendore.<\/p> <p>\u00a0<\/p>\n<img loading=\"lazy\" decoding=\"async\" src=\"https:\/\/cabbia.it\/wp-content\/uploads\/2026\/02\/8a40775a-1cac-488d-a70f-2e71d3069fa0-562x658.jpeg\" width=\"562\" height=\"658\" title=\"8a40775a-1cac-488d-a70f-2e71d3069fa0\" alt=\"8a40775a-1cac-488d-a70f-2e71d3069fa0\">\n<img loading=\"lazy\" decoding=\"async\" src=\"https:\/\/cabbia.it\/wp-content\/uploads\/2026\/02\/6092850c-39ca-4b99-a1df-6e906662d813-600x600.jpeg\" width=\"600\" height=\"600\" title=\"6092850c-39ca-4b99-a1df-6e906662d813\" alt=\"6092850c-39ca-4b99-a1df-6e906662d813\" srcset=\"https:\/\/cabbia.it\/wp-content\/uploads\/2026\/02\/6092850c-39ca-4b99-a1df-6e906662d813-600x600.jpeg 600w, https:\/\/cabbia.it\/wp-content\/uploads\/2026\/02\/6092850c-39ca-4b99-a1df-6e906662d813-150x150.jpeg 150w\" sizes=\"auto, (max-width: 600px) 100vw, 600px\" \/>\n<img loading=\"lazy\" decoding=\"async\" src=\"https:\/\/cabbia.it\/wp-content\/uploads\/2026\/02\/ChatGPT-Image-28-feb-2026-22_38_36-683x1024-600x600.png\" width=\"600\" height=\"600\" title=\"ChatGPT Image 28 feb 2026, 22_38_36\" alt=\"ChatGPT Image 28 feb 2026, 22_38_36\" srcset=\"https:\/\/cabbia.it\/wp-content\/uploads\/2026\/02\/ChatGPT-Image-28-feb-2026-22_38_36-683x1024-600x600.png 600w, https:\/\/cabbia.it\/wp-content\/uploads\/2026\/02\/ChatGPT-Image-28-feb-2026-22_38_36-150x150.png 150w\" sizes=\"auto, (max-width: 600px) 100vw, 600px\" \/>\n<h2 style=\"text-align: center;\">Un abbraccio di natura, ogni giorno<\/h2>\n<p style=\"text-align: center;\">Il colore caldo e avvolgente del rovere infonde all&#8217;ambiente un&#8217;atmosfera di serena accoglienza, un abbraccio materico che scalda il cuore e nutre l&#8217;anima. \u00c8 un pezzo di natura sapientemente lavorato, un simbolo di forza e resilienza, che porta l&#8217;anima del bosco direttamente nel tuo spazio, trasformandolo in un rifugio di autentica bellezza, di calma e di tranquillit\u00e0. Un&#8217;emozione pura, un lusso che si sente e si vive ogni giorno. Questo piano in rovere \u00e8 una promessa di durabilit\u00e0 e di stile, un investimento nel benessere e nell&#8217;eleganza senza tempo.<\/p><!--\/themify_builder_static-->","protected":false},"excerpt":{"rendered":"<p>Piano Bagno in Rovere \u00a0 L\u2019essenza autentica della natura diventa design Un piano unico che racconta storie millenarie attraverso venature vive Questo piano in rovere massiccio scortecciato della Cabbia non \u00e8 semplicemente un elemento d&#8217;arredo, ma una vera e propria ode alla natura, un capolavoro di design che dialoga con l&#8217;anima. Ogni venatura profonda e [&hellip;]<\/p>\n","protected":false},"author":2,"featured_media":0,"parent":0,"menu_order":0,"comment_status":"closed","ping_status":"closed","template":"","meta":{"_monsterinsights_skip_tracking":false,"_monsterinsights_sitenote_active":false,"_monsterinsights_sitenote_note":"","_monsterinsights_sitenote_category":0,"footnotes":""},"class_list":["post-1224","page","type-page","status-publish","hentry","has-post-title","has-post-date","has-post-category","has-post-tag","has-post-comment","has-post-author",""],"yoast_head":"<!-- This site is optimized with the Yoast SEO plugin v26.8 - https:\/\/yoast.com\/product\/yoast-seo-wordpress\/ -->\n<title>Piano Bagno in Rovere\u00a0 - Cabbia<\/title>\n<meta name=\"robots\" content=\"index, follow, max-snippet:-1, max-image-preview:large, max-video-preview:-1\" \/>\n<link rel=\"canonical\" href=\"https:\/\/cabbia.it\/?page_id=1224\" \/>\n<meta property=\"og:locale\" content=\"it_IT\" \/>\n<meta property=\"og:type\" content=\"article\" \/>\n<meta property=\"og:title\" content=\"Piano Bagno in Rovere\u00a0 - Cabbia\" \/>\n<meta property=\"og:description\" content=\"Piano Bagno in Rovere \u00a0 L\u2019essenza autentica della natura diventa design Un piano unico che racconta storie millenarie attraverso venature vive Questo piano in rovere massiccio scortecciato della Cabbia non \u00e8 semplicemente un elemento d&#8217;arredo, ma una vera e propria ode alla natura, un capolavoro di design che dialoga con l&#8217;anima. Ogni venatura profonda e [&hellip;]\" \/>\n<meta property=\"og:url\" content=\"https:\/\/cabbia.it\/?page_id=1224\" \/>\n<meta property=\"og:site_name\" content=\"Cabbia\" \/>\n<meta property=\"article:modified_time\" content=\"2026-02-28T21:57:39+00:00\" \/>\n<meta name=\"twitter:card\" content=\"summary_large_image\" \/>\n<meta name=\"twitter:label1\" content=\"Tempo di lettura stimato\" \/>\n\t<meta name=\"twitter:data1\" content=\"3 minuti\" \/>\n<script type=\"application\/ld+json\" class=\"yoast-schema-graph\">{\"@context\":\"https:\/\/schema.org\",\"@graph\":[{\"@type\":\"WebPage\",\"@id\":\"https:\/\/cabbia.it\/?page_id=1224\",\"url\":\"https:\/\/cabbia.it\/?page_id=1224\",\"name\":\"Piano Bagno in Rovere\u00a0 - Cabbia\",\"isPartOf\":{\"@id\":\"https:\/\/cabbia.it\/#website\"},\"primaryImageOfPage\":{\"@id\":\"https:\/\/cabbia.it\/?page_id=1224#primaryimage\"},\"image\":{\"@id\":\"https:\/\/cabbia.it\/?page_id=1224#primaryimage\"},\"thumbnailUrl\":\"https:\/\/cabbia.it\/wp-content\/uploads\/2026\/02\/unnamed-700x700.jpg\",\"datePublished\":\"2026-02-28T21:17:49+00:00\",\"dateModified\":\"2026-02-28T21:57:39+00:00\",\"breadcrumb\":{\"@id\":\"https:\/\/cabbia.it\/?page_id=1224#breadcrumb\"},\"inLanguage\":\"it-IT\",\"potentialAction\":[{\"@type\":\"ReadAction\",\"target\":[\"https:\/\/cabbia.it\/?page_id=1224\"]}]},{\"@type\":\"ImageObject\",\"inLanguage\":\"it-IT\",\"@id\":\"https:\/\/cabbia.it\/?page_id=1224#primaryimage\",\"url\":\"https:\/\/cabbia.it\/wp-content\/uploads\/2026\/02\/unnamed.jpg\",\"contentUrl\":\"https:\/\/cabbia.it\/wp-content\/uploads\/2026\/02\/unnamed.jpg\",\"width\":747,\"height\":1024},{\"@type\":\"BreadcrumbList\",\"@id\":\"https:\/\/cabbia.it\/?page_id=1224#breadcrumb\",\"itemListElement\":[{\"@type\":\"ListItem\",\"position\":1,\"name\":\"Home\",\"item\":\"https:\/\/cabbia.it\/\"},{\"@type\":\"ListItem\",\"position\":2,\"name\":\"Piano Bagno in Rovere\u00a0\"}]},{\"@type\":\"WebSite\",\"@id\":\"https:\/\/cabbia.it\/#website\",\"url\":\"https:\/\/cabbia.it\/\",\"name\":\"Cabbia\",\"description\":\"Cabbia\",\"potentialAction\":[{\"@type\":\"SearchAction\",\"target\":{\"@type\":\"EntryPoint\",\"urlTemplate\":\"https:\/\/cabbia.it\/?s={search_term_string}\"},\"query-input\":{\"@type\":\"PropertyValueSpecification\",\"valueRequired\":true,\"valueName\":\"search_term_string\"}}],\"inLanguage\":\"it-IT\"}]}<\/script>\n<!-- \/ Yoast SEO plugin. -->","yoast_head_json":{"title":"Piano Bagno in Rovere\u00a0 - Cabbia","robots":{"index":"index","follow":"follow","max-snippet":"max-snippet:-1","max-image-preview":"max-image-preview:large","max-video-preview":"max-video-preview:-1"},"canonical":"https:\/\/cabbia.it\/?page_id=1224","og_locale":"it_IT","og_type":"article","og_title":"Piano Bagno in Rovere\u00a0 - Cabbia","og_description":"Piano Bagno in Rovere \u00a0 L\u2019essenza autentica della natura diventa design Un piano unico che racconta storie millenarie attraverso venature vive Questo piano in rovere massiccio scortecciato della Cabbia non \u00e8 semplicemente un elemento d&#8217;arredo, ma una vera e propria ode alla natura, un capolavoro di design che dialoga con l&#8217;anima. Ogni venatura profonda e [&hellip;]","og_url":"https:\/\/cabbia.it\/?page_id=1224","og_site_name":"Cabbia","article_modified_time":"2026-02-28T21:57:39+00:00","twitter_card":"summary_large_image","twitter_misc":{"Tempo di lettura stimato":"3 minuti"},"schema":{"@context":"https:\/\/schema.org","@graph":[{"@type":"WebPage","@id":"https:\/\/cabbia.it\/?page_id=1224","url":"https:\/\/cabbia.it\/?page_id=1224","name":"Piano Bagno in Rovere\u00a0 - Cabbia","isPartOf":{"@id":"https:\/\/cabbia.it\/#website"},"primaryImageOfPage":{"@id":"https:\/\/cabbia.it\/?page_id=1224#primaryimage"},"image":{"@id":"https:\/\/cabbia.it\/?page_id=1224#primaryimage"},"thumbnailUrl":"https:\/\/cabbia.it\/wp-content\/uploads\/2026\/02\/unnamed-700x700.jpg","datePublished":"2026-02-28T21:17:49+00:00","dateModified":"2026-02-28T21:57:39+00:00","breadcrumb":{"@id":"https:\/\/cabbia.it\/?page_id=1224#breadcrumb"},"inLanguage":"it-IT","potentialAction":[{"@type":"ReadAction","target":["https:\/\/cabbia.it\/?page_id=1224"]}]},{"@type":"ImageObject","inLanguage":"it-IT","@id":"https:\/\/cabbia.it\/?page_id=1224#primaryimage","url":"https:\/\/cabbia.it\/wp-content\/uploads\/2026\/02\/unnamed.jpg","contentUrl":"https:\/\/cabbia.it\/wp-content\/uploads\/2026\/02\/unnamed.jpg","width":747,"height":1024},{"@type":"BreadcrumbList","@id":"https:\/\/cabbia.it\/?page_id=1224#breadcrumb","itemListElement":[{"@type":"ListItem","position":1,"name":"Home","item":"https:\/\/cabbia.it\/"},{"@type":"ListItem","position":2,"name":"Piano Bagno in Rovere\u00a0"}]},{"@type":"WebSite","@id":"https:\/\/cabbia.it\/#website","url":"https:\/\/cabbia.it\/","name":"Cabbia","description":"Cabbia","potentialAction":[{"@type":"SearchAction","target":{"@type":"EntryPoint","urlTemplate":"https:\/\/cabbia.it\/?s={search_term_string}"},"query-input":{"@type":"PropertyValueSpecification","valueRequired":true,"valueName":"search_term_string"}}],"inLanguage":"it-IT"}]}},"builder_content":"<h2><strong>Tavolo Suar Wood<\/strong><\/h2> <h2>\u00a0<\/h2>\n<img src=\"https:\/\/cabbia.it\/wp-content\/uploads\/2025\/12\/TAVOLO-SUAR-WOOD-3-1024x683-700x700.jpg\" width=\"700\" height=\"700\" title=\"TAVOLO SUAR WOOD 3\" alt=\"TAVOLO SUAR WOOD 3\" srcset=\"https:\/\/cabbia.it\/wp-content\/uploads\/2025\/12\/TAVOLO-SUAR-WOOD-3-1024x683-700x700.jpg 700w, https:\/\/cabbia.it\/wp-content\/uploads\/2025\/12\/TAVOLO-SUAR-WOOD-3-150x150.jpg 150w\" sizes=\"(max-width: 700px) 100vw, 700px\" \/>\n<h2 data-start=\"95\" data-end=\"172\"><strong>La forza della natura, scolpita in un\u2019unica tavola.<\/strong><\/h2>\n<p data-start=\"174\" data-end=\"564\">C\u2019\u00e8 un momento, quando ti avvicini a questo tavolo, in cui ti rendi conto che non stai osservando un semplice arredo, ma un\u2019opera viva.<br data-start=\"309\" data-end=\"312\">Il Suar Wood \u2014 una delle essenze pi\u00f9 pregiate e scenografiche del mondo rivela qui tutta la sua potenza estetica: venature profonde, onde naturali che sembrano muoversi sulla superficie, contrasti di colore che solo il tempo e la natura sanno creare.<\/p> <p data-start=\"566\" data-end=\"852\">Questa tavola unica, ricavata da un singolo tronco, porta con s\u00e9 l\u2019autenticit\u00e0 della foresta tropicale: ogni curva, ogni sfumatura e ogni naturale imperfezione raccontano una storia antica, trasformata da Cabbia in design contemporaneo attraverso una lavorazione artigianale meticolosa.<\/p> <h4 data-start=\"239\" data-end=\"562\">\u00a0<\/h4> <p data-start=\"239\" data-end=\"562\">\u00a0<\/p>\n<p data-start=\"1218\" data-end=\"1349\"><strong data-start=\"1218\" data-end=\"1349\">Un tavolo in Suar Wood non si sceglie.<br data-start=\"1258\" data-end=\"1261\">Si incontra. Si riconosce.<br data-start=\"1287\" data-end=\"1290\">E si porta nella propria casa come un pezzo irripetibile.<\/strong><\/p>\n<p data-start=\"854\" data-end=\"1216\">Il bordo vivo, lasciato autentico, celebra il carattere selvaggio del legno.<br data-start=\"930\" data-end=\"933\">Il piano, invece, perfettamente levigato e lucido, esprime eleganza, solidit\u00e0 e un\u2019eccellente qualit\u00e0 costruttiva che si percepiscono al primo tocco. Le gambe in metallo, essenziali e robuste, sorreggono la tavola con discrezione, mettendo in risalto la vera protagonista: la natura.<\/p> <p data-start=\"1351\" data-end=\"1569\">Ideale per chi cerca un complemento d\u2019arredo unico, scenografico e destinato a durare una vita, questo tavolo firmato Cabbia \u00e8 molto pi\u00f9 di un elemento funzionale: \u00e8 un simbolo di stile, personalit\u00e0 e qualit\u00e0 assoluta.<\/p>\n<img src=\"https:\/\/cabbia.it\/wp-content\/uploads\/2025\/12\/TAVOLO-SUAR-WOOD-2-1024x683-600x550.jpg\" width=\"600\" height=\"550\" title=\"TAVOLO SUAR WOOD 2\" alt=\"TAVOLO SUAR WOOD 2\">\n<img src=\"https:\/\/cabbia.it\/wp-content\/uploads\/2025\/09\/cabbia_2-1-1024x1024-600x600.jpg\" width=\"600\" height=\"600\" title=\"cabbia_2\" alt=\"cabbia_2\" srcset=\"https:\/\/cabbia.it\/wp-content\/uploads\/2025\/09\/cabbia_2-1-1024x1024-600x600.jpg 600w, https:\/\/cabbia.it\/wp-content\/uploads\/2025\/09\/cabbia_2-1-300x300.jpg 300w, https:\/\/cabbia.it\/wp-content\/uploads\/2025\/09\/cabbia_2-1-1024x1024.jpg 1024w, https:\/\/cabbia.it\/wp-content\/uploads\/2025\/09\/cabbia_2-1-150x150.jpg 150w, https:\/\/cabbia.it\/wp-content\/uploads\/2025\/09\/cabbia_2-1-768x768.jpg 768w, https:\/\/cabbia.it\/wp-content\/uploads\/2025\/09\/cabbia_2-1.jpg 1080w\" sizes=\"(max-width: 600px) 100vw, 600px\" \/>\n<img src=\"https:\/\/cabbia.it\/wp-content\/uploads\/2025\/09\/cabbia_6-819x1024-600x600.jpg\" width=\"600\" height=\"600\" title=\"cabbia_6\" alt=\"cabbia_6\" srcset=\"https:\/\/cabbia.it\/wp-content\/uploads\/2025\/09\/cabbia_6-819x1024-600x600.jpg 600w, https:\/\/cabbia.it\/wp-content\/uploads\/2025\/09\/cabbia_6-150x150.jpg 150w\" sizes=\"(max-width: 600px) 100vw, 600px\" \/>\n<h2>Un'Anima Ecologica<\/h2> <p data-start=\"242\" data-end=\"447\">Scegliere questo pezzo significa abbracciare una bellezza che \u00e8 anche\u00a0<b>etica<\/b>.<\/p> <p data-start=\"242\" data-end=\"447\">Ricavato\u00a0<b>esclusivamente da alberi gi\u00e0 caduti<\/b>, il suo impatto ambientale \u00e8\u00a0<b>assolutamente nullo<\/b>, un lusso consapevole.<\/p> <p data-start=\"242\" data-end=\"447\">Ammirarlo non \u00e8 solo godere di un'estetica sublime, ma anche onorare la filosofia del rispetto per il nostro pianeta.<\/p>","_links":{"self":[{"href":"https:\/\/cabbia.it\/index.php?rest_route=\/wp\/v2\/pages\/1224","targetHints":{"allow":["GET"]}}],"collection":[{"href":"https:\/\/cabbia.it\/index.php?rest_route=\/wp\/v2\/pages"}],"about":[{"href":"https:\/\/cabbia.it\/index.php?rest_route=\/wp\/v2\/types\/page"}],"author":[{"embeddable":true,"href":"https:\/\/cabbia.it\/index.php?rest_route=\/wp\/v2\/users\/2"}],"replies":[{"embeddable":true,"href":"https:\/\/cabbia.it\/index.php?rest_route=%2Fwp%2Fv2%2Fcomments&post=1224"}],"version-history":[{"count":7,"href":"https:\/\/cabbia.it\/index.php?rest_route=\/wp\/v2\/pages\/1224\/revisions"}],"predecessor-version":[{"id":1251,"href":"https:\/\/cabbia.it\/index.php?rest_route=\/wp\/v2\/pages\/1224\/revisions\/1251"}],"wp:attachment":[{"href":"https:\/\/cabbia.it\/index.php?rest_route=%2Fwp%2Fv2%2Fmedia&parent=1224"}],"curies":[{"name":"wp","href":"https:\/\/api.w.org\/{rel}","templated":true}]}}