{"id":1440,"date":"2026-03-28T22:46:57","date_gmt":"2026-03-28T22:46:57","guid":{"rendered":"https:\/\/cabbia.it\/?page_id=1440"},"modified":"2026-03-28T23:25:42","modified_gmt":"2026-03-28T23:25:42","slug":"piano-bagno-rovere-con-alzata","status":"publish","type":"page","link":"https:\/\/cabbia.it\/?page_id=1440","title":{"rendered":"Piano bagno rovere con alzata"},"content":{"rendered":"<!-- wp:themify-builder\/canvas \/-->\n\n<!--themify_builder_static--><h1>Piano bagno con alzata in rovere\u00a0<\/h1> <h2>\u00a0<\/h2>\n<img loading=\"lazy\" decoding=\"async\" src=\"https:\/\/cabbia.it\/wp-content\/uploads\/2026\/03\/ChatGPT-Image-28-mar-2026-23_55_34-683x1024-700x700.png\" width=\"700\" height=\"700\" title=\"ChatGPT Image 28 mar 2026, 23_55_34\" alt=\"ChatGPT Image 28 mar 2026, 23_55_34\" srcset=\"https:\/\/cabbia.it\/wp-content\/uploads\/2026\/03\/ChatGPT-Image-28-mar-2026-23_55_34-683x1024-700x700.png 700w, https:\/\/cabbia.it\/wp-content\/uploads\/2026\/03\/ChatGPT-Image-28-mar-2026-23_55_34-150x150.png 150w\" sizes=\"auto, (max-width: 700px) 100vw, 700px\" \/>\n<h2 data-start=\"95\" data-end=\"172\"><strong>La forza della natura, scolpita in un\u2019unica tavola.<\/strong><\/h2>\n<p data-start=\"174\" data-end=\"564\">C\u2019\u00e8 un momento, quando ti avvicini a questo tavolo, in cui ti rendi conto che non stai osservando un semplice arredo, ma un\u2019opera viva.<br data-start=\"309\" data-end=\"312\">Il Suar Wood \u2014 una delle essenze pi\u00f9 pregiate e scenografiche del mondo rivela qui tutta la sua potenza estetica: venature profonde, onde naturali che sembrano muoversi sulla superficie, contrasti di colore che solo il tempo e la natura sanno creare.<\/p> <p data-start=\"566\" data-end=\"852\">Questa tavola unica, ricavata da un singolo tronco, porta con s\u00e9 l\u2019autenticit\u00e0 della foresta tropicale: ogni curva, ogni sfumatura e ogni naturale imperfezione raccontano una storia antica, trasformata da Cabbia in design contemporaneo attraverso una lavorazione artigianale meticolosa.<\/p> <h4 data-start=\"239\" data-end=\"562\">\u00a0<\/h4> <p data-start=\"239\" data-end=\"562\">\u00a0<\/p>\n<p data-start=\"1218\" data-end=\"1349\"><strong data-start=\"1218\" data-end=\"1349\">Un tavolo in Suar Wood non si sceglie.<br data-start=\"1258\" data-end=\"1261\">Si incontra. Si riconosce.<br data-start=\"1287\" data-end=\"1290\">E si porta nella propria casa come un pezzo irripetibile.<\/strong><\/p>\n<p data-start=\"854\" data-end=\"1216\">Il bordo vivo, lasciato autentico, celebra il carattere selvaggio del legno.<br data-start=\"930\" data-end=\"933\">Il piano, invece, perfettamente levigato e lucido, esprime eleganza, solidit\u00e0 e un\u2019eccellente qualit\u00e0 costruttiva che si percepiscono al primo tocco. Le gambe in metallo, essenziali e robuste, sorreggono la tavola con discrezione, mettendo in risalto la vera protagonista: la natura.<\/p> <p data-start=\"1351\" data-end=\"1569\">Ideale per chi cerca un complemento d\u2019arredo unico, scenografico e destinato a durare una vita, questo tavolo firmato Cabbia \u00e8 molto pi\u00f9 di un elemento funzionale: \u00e8 un simbolo di stile, personalit\u00e0 e qualit\u00e0 assoluta.<\/p>\n<img loading=\"lazy\" decoding=\"async\" src=\"https:\/\/cabbia.it\/wp-content\/uploads\/2026\/03\/ChatGPT-Image-29-mar-2026-00_14_59-683x1024-561x739.png\" width=\"561\" height=\"739\" title=\"ChatGPT Image 29 mar 2026, 00_14_59\" alt=\"ChatGPT Image 29 mar 2026, 00_14_59\">\n<img loading=\"lazy\" decoding=\"async\" src=\"https:\/\/cabbia.it\/wp-content\/uploads\/2026\/03\/ChatGPT-Image-29-mar-2026-00_06_58-683x1024-600x600.png\" width=\"600\" height=\"600\" title=\"ChatGPT Image 29 mar 2026, 00_06_58\" alt=\"ChatGPT Image 29 mar 2026, 00_06_58\" srcset=\"https:\/\/cabbia.it\/wp-content\/uploads\/2026\/03\/ChatGPT-Image-29-mar-2026-00_06_58-683x1024-600x600.png 600w, https:\/\/cabbia.it\/wp-content\/uploads\/2026\/03\/ChatGPT-Image-29-mar-2026-00_06_58-150x150.png 150w\" sizes=\"auto, (max-width: 600px) 100vw, 600px\" \/>\n<img loading=\"lazy\" decoding=\"async\" src=\"https:\/\/cabbia.it\/wp-content\/uploads\/2026\/03\/ChatGPT-Image-29-mar-2026-00_09_37-683x1024-600x600.png\" width=\"600\" height=\"600\" title=\"ChatGPT Image 29 mar 2026, 00_09_37\" alt=\"ChatGPT Image 29 mar 2026, 00_09_37\" srcset=\"https:\/\/cabbia.it\/wp-content\/uploads\/2026\/03\/ChatGPT-Image-29-mar-2026-00_09_37-683x1024-600x600.png 600w, https:\/\/cabbia.it\/wp-content\/uploads\/2026\/03\/ChatGPT-Image-29-mar-2026-00_09_37-150x150.png 150w\" sizes=\"auto, (max-width: 600px) 100vw, 600px\" \/>\n<h2>Un&#8217;Anima Ecologica<\/h2> <p data-start=\"242\" data-end=\"447\">Scegliere questo pezzo significa abbracciare una bellezza che \u00e8 anche\u00a0<b>etica<\/b>.<\/p> <p data-start=\"242\" data-end=\"447\">Ricavato\u00a0<b>esclusivamente da alberi gi\u00e0 caduti<\/b>, il suo impatto ambientale \u00e8\u00a0<b>assolutamente nullo<\/b>, un lusso consapevole.<\/p> <p data-start=\"242\" data-end=\"447\">Ammirarlo non \u00e8 solo godere di un&#8217;estetica sublime, ma anche onorare la filosofia del rispetto per il nostro pianeta.<\/p><!--\/themify_builder_static-->","protected":false},"excerpt":{"rendered":"<p>Piano bagno con alzata in rovere\u00a0 \u00a0 La forza della natura, scolpita in un\u2019unica tavola. C\u2019\u00e8 un momento, quando ti avvicini a questo tavolo, in cui ti rendi conto che non stai osservando un semplice arredo, ma un\u2019opera viva.Il Suar Wood \u2014 una delle essenze pi\u00f9 pregiate e scenografiche del mondo rivela qui tutta la [&hellip;]<\/p>\n","protected":false},"author":1,"featured_media":0,"parent":0,"menu_order":0,"comment_status":"closed","ping_status":"closed","template":"","meta":{"_monsterinsights_skip_tracking":false,"_monsterinsights_sitenote_active":false,"_monsterinsights_sitenote_note":"","_monsterinsights_sitenote_category":0,"footnotes":""},"class_list":["post-1440","page","type-page","status-publish","hentry","has-post-title","has-post-date","has-post-category","has-post-tag","has-post-comment","has-post-author",""],"yoast_head":"<!-- This site is optimized with the Yoast SEO plugin v26.8 - https:\/\/yoast.com\/product\/yoast-seo-wordpress\/ -->\n<title>Piano bagno rovere con alzata - Cabbia<\/title>\n<meta name=\"robots\" content=\"index, follow, max-snippet:-1, max-image-preview:large, max-video-preview:-1\" \/>\n<link rel=\"canonical\" href=\"https:\/\/cabbia.it\/?page_id=1440\" \/>\n<meta property=\"og:locale\" content=\"it_IT\" \/>\n<meta property=\"og:type\" content=\"article\" \/>\n<meta property=\"og:title\" content=\"Piano bagno rovere con alzata - Cabbia\" \/>\n<meta property=\"og:description\" content=\"Piano bagno con alzata in rovere\u00a0 \u00a0 La forza della natura, scolpita in un\u2019unica tavola. C\u2019\u00e8 un momento, quando ti avvicini a questo tavolo, in cui ti rendi conto che non stai osservando un semplice arredo, ma un\u2019opera viva.Il Suar Wood \u2014 una delle essenze pi\u00f9 pregiate e scenografiche del mondo rivela qui tutta la [&hellip;]\" \/>\n<meta property=\"og:url\" content=\"https:\/\/cabbia.it\/?page_id=1440\" \/>\n<meta property=\"og:site_name\" content=\"Cabbia\" \/>\n<meta property=\"article:modified_time\" content=\"2026-03-28T23:25:42+00:00\" \/>\n<meta name=\"twitter:card\" content=\"summary_large_image\" \/>\n<meta name=\"twitter:label1\" content=\"Tempo di lettura stimato\" \/>\n\t<meta name=\"twitter:data1\" content=\"3 minuti\" \/>\n<script type=\"application\/ld+json\" class=\"yoast-schema-graph\">{\"@context\":\"https:\/\/schema.org\",\"@graph\":[{\"@type\":\"WebPage\",\"@id\":\"https:\/\/cabbia.it\/?page_id=1440\",\"url\":\"https:\/\/cabbia.it\/?page_id=1440\",\"name\":\"Piano bagno rovere con alzata - Cabbia\",\"isPartOf\":{\"@id\":\"https:\/\/cabbia.it\/#website\"},\"primaryImageOfPage\":{\"@id\":\"https:\/\/cabbia.it\/?page_id=1440#primaryimage\"},\"image\":{\"@id\":\"https:\/\/cabbia.it\/?page_id=1440#primaryimage\"},\"thumbnailUrl\":\"https:\/\/cabbia.it\/wp-content\/uploads\/2026\/03\/ChatGPT-Image-28-mar-2026-23_55_34-683x1024-700x700.png\",\"datePublished\":\"2026-03-28T22:46:57+00:00\",\"dateModified\":\"2026-03-28T23:25:42+00:00\",\"breadcrumb\":{\"@id\":\"https:\/\/cabbia.it\/?page_id=1440#breadcrumb\"},\"inLanguage\":\"it-IT\",\"potentialAction\":[{\"@type\":\"ReadAction\",\"target\":[\"https:\/\/cabbia.it\/?page_id=1440\"]}]},{\"@type\":\"ImageObject\",\"inLanguage\":\"it-IT\",\"@id\":\"https:\/\/cabbia.it\/?page_id=1440#primaryimage\",\"url\":\"https:\/\/cabbia.it\/wp-content\/uploads\/2026\/03\/ChatGPT-Image-28-mar-2026-23_55_34-683x1024-700x700.png\",\"contentUrl\":\"https:\/\/cabbia.it\/wp-content\/uploads\/2026\/03\/ChatGPT-Image-28-mar-2026-23_55_34-683x1024-700x700.png\"},{\"@type\":\"BreadcrumbList\",\"@id\":\"https:\/\/cabbia.it\/?page_id=1440#breadcrumb\",\"itemListElement\":[{\"@type\":\"ListItem\",\"position\":1,\"name\":\"Home\",\"item\":\"https:\/\/cabbia.it\/\"},{\"@type\":\"ListItem\",\"position\":2,\"name\":\"Piano bagno rovere con alzata\"}]},{\"@type\":\"WebSite\",\"@id\":\"https:\/\/cabbia.it\/#website\",\"url\":\"https:\/\/cabbia.it\/\",\"name\":\"Cabbia\",\"description\":\"Cabbia\",\"potentialAction\":[{\"@type\":\"SearchAction\",\"target\":{\"@type\":\"EntryPoint\",\"urlTemplate\":\"https:\/\/cabbia.it\/?s={search_term_string}\"},\"query-input\":{\"@type\":\"PropertyValueSpecification\",\"valueRequired\":true,\"valueName\":\"search_term_string\"}}],\"inLanguage\":\"it-IT\"}]}<\/script>\n<!-- \/ Yoast SEO plugin. -->","yoast_head_json":{"title":"Piano bagno rovere con alzata - Cabbia","robots":{"index":"index","follow":"follow","max-snippet":"max-snippet:-1","max-image-preview":"max-image-preview:large","max-video-preview":"max-video-preview:-1"},"canonical":"https:\/\/cabbia.it\/?page_id=1440","og_locale":"it_IT","og_type":"article","og_title":"Piano bagno rovere con alzata - Cabbia","og_description":"Piano bagno con alzata in rovere\u00a0 \u00a0 La forza della natura, scolpita in un\u2019unica tavola. C\u2019\u00e8 un momento, quando ti avvicini a questo tavolo, in cui ti rendi conto che non stai osservando un semplice arredo, ma un\u2019opera viva.Il Suar Wood \u2014 una delle essenze pi\u00f9 pregiate e scenografiche del mondo rivela qui tutta la [&hellip;]","og_url":"https:\/\/cabbia.it\/?page_id=1440","og_site_name":"Cabbia","article_modified_time":"2026-03-28T23:25:42+00:00","twitter_card":"summary_large_image","twitter_misc":{"Tempo di lettura stimato":"3 minuti"},"schema":{"@context":"https:\/\/schema.org","@graph":[{"@type":"WebPage","@id":"https:\/\/cabbia.it\/?page_id=1440","url":"https:\/\/cabbia.it\/?page_id=1440","name":"Piano bagno rovere con alzata - Cabbia","isPartOf":{"@id":"https:\/\/cabbia.it\/#website"},"primaryImageOfPage":{"@id":"https:\/\/cabbia.it\/?page_id=1440#primaryimage"},"image":{"@id":"https:\/\/cabbia.it\/?page_id=1440#primaryimage"},"thumbnailUrl":"https:\/\/cabbia.it\/wp-content\/uploads\/2026\/03\/ChatGPT-Image-28-mar-2026-23_55_34-683x1024-700x700.png","datePublished":"2026-03-28T22:46:57+00:00","dateModified":"2026-03-28T23:25:42+00:00","breadcrumb":{"@id":"https:\/\/cabbia.it\/?page_id=1440#breadcrumb"},"inLanguage":"it-IT","potentialAction":[{"@type":"ReadAction","target":["https:\/\/cabbia.it\/?page_id=1440"]}]},{"@type":"ImageObject","inLanguage":"it-IT","@id":"https:\/\/cabbia.it\/?page_id=1440#primaryimage","url":"https:\/\/cabbia.it\/wp-content\/uploads\/2026\/03\/ChatGPT-Image-28-mar-2026-23_55_34-683x1024-700x700.png","contentUrl":"https:\/\/cabbia.it\/wp-content\/uploads\/2026\/03\/ChatGPT-Image-28-mar-2026-23_55_34-683x1024-700x700.png"},{"@type":"BreadcrumbList","@id":"https:\/\/cabbia.it\/?page_id=1440#breadcrumb","itemListElement":[{"@type":"ListItem","position":1,"name":"Home","item":"https:\/\/cabbia.it\/"},{"@type":"ListItem","position":2,"name":"Piano bagno rovere con alzata"}]},{"@type":"WebSite","@id":"https:\/\/cabbia.it\/#website","url":"https:\/\/cabbia.it\/","name":"Cabbia","description":"Cabbia","potentialAction":[{"@type":"SearchAction","target":{"@type":"EntryPoint","urlTemplate":"https:\/\/cabbia.it\/?s={search_term_string}"},"query-input":{"@type":"PropertyValueSpecification","valueRequired":true,"valueName":"search_term_string"}}],"inLanguage":"it-IT"}]}},"builder_content":"<h1>Piano bagno con alzata in rovere\u00a0<\/h1> <h2>\u00a0<\/h2>\n<img src=\"https:\/\/cabbia.it\/wp-content\/uploads\/2026\/03\/ChatGPT-Image-28-mar-2026-23_55_34-683x1024-700x700.png\" width=\"700\" height=\"700\" title=\"ChatGPT Image 28 mar 2026, 23_55_34\" alt=\"ChatGPT Image 28 mar 2026, 23_55_34\" srcset=\"https:\/\/cabbia.it\/wp-content\/uploads\/2026\/03\/ChatGPT-Image-28-mar-2026-23_55_34-683x1024-700x700.png 700w, https:\/\/cabbia.it\/wp-content\/uploads\/2026\/03\/ChatGPT-Image-28-mar-2026-23_55_34-150x150.png 150w\" sizes=\"(max-width: 700px) 100vw, 700px\" \/>\n<h2 data-start=\"95\" data-end=\"172\"><strong>La forza della natura, scolpita in un\u2019unica tavola.<\/strong><\/h2>\n<p data-start=\"174\" data-end=\"564\">C\u2019\u00e8 un momento, quando ti avvicini a questo tavolo, in cui ti rendi conto che non stai osservando un semplice arredo, ma un\u2019opera viva.<br data-start=\"309\" data-end=\"312\">Il Suar Wood \u2014 una delle essenze pi\u00f9 pregiate e scenografiche del mondo rivela qui tutta la sua potenza estetica: venature profonde, onde naturali che sembrano muoversi sulla superficie, contrasti di colore che solo il tempo e la natura sanno creare.<\/p> <p data-start=\"566\" data-end=\"852\">Questa tavola unica, ricavata da un singolo tronco, porta con s\u00e9 l\u2019autenticit\u00e0 della foresta tropicale: ogni curva, ogni sfumatura e ogni naturale imperfezione raccontano una storia antica, trasformata da Cabbia in design contemporaneo attraverso una lavorazione artigianale meticolosa.<\/p> <h4 data-start=\"239\" data-end=\"562\">\u00a0<\/h4> <p data-start=\"239\" data-end=\"562\">\u00a0<\/p>\n<p data-start=\"1218\" data-end=\"1349\"><strong data-start=\"1218\" data-end=\"1349\">Un tavolo in Suar Wood non si sceglie.<br data-start=\"1258\" data-end=\"1261\">Si incontra. Si riconosce.<br data-start=\"1287\" data-end=\"1290\">E si porta nella propria casa come un pezzo irripetibile.<\/strong><\/p>\n<p data-start=\"854\" data-end=\"1216\">Il bordo vivo, lasciato autentico, celebra il carattere selvaggio del legno.<br data-start=\"930\" data-end=\"933\">Il piano, invece, perfettamente levigato e lucido, esprime eleganza, solidit\u00e0 e un\u2019eccellente qualit\u00e0 costruttiva che si percepiscono al primo tocco. Le gambe in metallo, essenziali e robuste, sorreggono la tavola con discrezione, mettendo in risalto la vera protagonista: la natura.<\/p> <p data-start=\"1351\" data-end=\"1569\">Ideale per chi cerca un complemento d\u2019arredo unico, scenografico e destinato a durare una vita, questo tavolo firmato Cabbia \u00e8 molto pi\u00f9 di un elemento funzionale: \u00e8 un simbolo di stile, personalit\u00e0 e qualit\u00e0 assoluta.<\/p>\n<img src=\"https:\/\/cabbia.it\/wp-content\/uploads\/2026\/03\/ChatGPT-Image-29-mar-2026-00_14_59-683x1024-561x739.png\" width=\"561\" height=\"739\" title=\"ChatGPT Image 29 mar 2026, 00_14_59\" alt=\"ChatGPT Image 29 mar 2026, 00_14_59\">\n<img src=\"https:\/\/cabbia.it\/wp-content\/uploads\/2026\/03\/ChatGPT-Image-29-mar-2026-00_06_58-683x1024-600x600.png\" width=\"600\" height=\"600\" title=\"ChatGPT Image 29 mar 2026, 00_06_58\" alt=\"ChatGPT Image 29 mar 2026, 00_06_58\" srcset=\"https:\/\/cabbia.it\/wp-content\/uploads\/2026\/03\/ChatGPT-Image-29-mar-2026-00_06_58-683x1024-600x600.png 600w, https:\/\/cabbia.it\/wp-content\/uploads\/2026\/03\/ChatGPT-Image-29-mar-2026-00_06_58-150x150.png 150w\" sizes=\"(max-width: 600px) 100vw, 600px\" \/>\n<img src=\"https:\/\/cabbia.it\/wp-content\/uploads\/2026\/03\/ChatGPT-Image-29-mar-2026-00_09_37-683x1024-600x600.png\" width=\"600\" height=\"600\" title=\"ChatGPT Image 29 mar 2026, 00_09_37\" alt=\"ChatGPT Image 29 mar 2026, 00_09_37\" srcset=\"https:\/\/cabbia.it\/wp-content\/uploads\/2026\/03\/ChatGPT-Image-29-mar-2026-00_09_37-683x1024-600x600.png 600w, https:\/\/cabbia.it\/wp-content\/uploads\/2026\/03\/ChatGPT-Image-29-mar-2026-00_09_37-150x150.png 150w\" sizes=\"(max-width: 600px) 100vw, 600px\" \/>\n<h2>Un'Anima Ecologica<\/h2> <p data-start=\"242\" data-end=\"447\">Scegliere questo pezzo significa abbracciare una bellezza che \u00e8 anche\u00a0<b>etica<\/b>.<\/p> <p data-start=\"242\" data-end=\"447\">Ricavato\u00a0<b>esclusivamente da alberi gi\u00e0 caduti<\/b>, il suo impatto ambientale \u00e8\u00a0<b>assolutamente nullo<\/b>, un lusso consapevole.<\/p> <p data-start=\"242\" data-end=\"447\">Ammirarlo non \u00e8 solo godere di un'estetica sublime, ma anche onorare la filosofia del rispetto per il nostro pianeta.<\/p>","_links":{"self":[{"href":"https:\/\/cabbia.it\/index.php?rest_route=\/wp\/v2\/pages\/1440","targetHints":{"allow":["GET"]}}],"collection":[{"href":"https:\/\/cabbia.it\/index.php?rest_route=\/wp\/v2\/pages"}],"about":[{"href":"https:\/\/cabbia.it\/index.php?rest_route=\/wp\/v2\/types\/page"}],"author":[{"embeddable":true,"href":"https:\/\/cabbia.it\/index.php?rest_route=\/wp\/v2\/users\/1"}],"replies":[{"embeddable":true,"href":"https:\/\/cabbia.it\/index.php?rest_route=%2Fwp%2Fv2%2Fcomments&post=1440"}],"version-history":[{"count":12,"href":"https:\/\/cabbia.it\/index.php?rest_route=\/wp\/v2\/pages\/1440\/revisions"}],"predecessor-version":[{"id":1457,"href":"https:\/\/cabbia.it\/index.php?rest_route=\/wp\/v2\/pages\/1440\/revisions\/1457"}],"wp:attachment":[{"href":"https:\/\/cabbia.it\/index.php?rest_route=%2Fwp%2Fv2%2Fmedia&parent=1440"}],"curies":[{"name":"wp","href":"https:\/\/api.w.org\/{rel}","templated":true}]}}