{"id":1534,"date":"2026-03-31T14:57:05","date_gmt":"2026-03-31T14:57:05","guid":{"rendered":"https:\/\/cabbia.it\/?page_id=1534"},"modified":"2026-04-07T13:08:22","modified_gmt":"2026-04-07T13:08:22","slug":"tavolo-rovere-massiccio-gamba-shangai","status":"publish","type":"page","link":"https:\/\/cabbia.it\/?page_id=1534","title":{"rendered":"Tavolo Rovere massiccio gamba Shangai"},"content":{"rendered":"<!-- wp:themify-builder\/canvas \/-->","protected":false},"excerpt":{"rendered":"","protected":false},"author":1,"featured_media":0,"parent":0,"menu_order":0,"comment_status":"closed","ping_status":"closed","template":"","meta":{"_monsterinsights_skip_tracking":false,"_monsterinsights_sitenote_active":false,"_monsterinsights_sitenote_note":"","_monsterinsights_sitenote_category":0,"footnotes":""},"class_list":["post-1534","page","type-page","status-publish","hentry","has-post-title","has-post-date","has-post-category","has-post-tag","has-post-comment","has-post-author",""],"yoast_head":"<!-- This site is optimized with the Yoast SEO plugin v26.8 - https:\/\/yoast.com\/product\/yoast-seo-wordpress\/ -->\n<title>Tavolo Rovere massiccio gamba Shangai - Cabbia<\/title>\n<meta name=\"robots\" content=\"index, follow, max-snippet:-1, max-image-preview:large, max-video-preview:-1\" \/>\n<link rel=\"canonical\" href=\"https:\/\/cabbia.it\/?page_id=1534\" \/>\n<meta property=\"og:locale\" content=\"it_IT\" \/>\n<meta property=\"og:type\" content=\"article\" \/>\n<meta property=\"og:title\" content=\"Tavolo Rovere massiccio gamba Shangai - Cabbia\" \/>\n<meta property=\"og:url\" content=\"https:\/\/cabbia.it\/?page_id=1534\" \/>\n<meta property=\"og:site_name\" content=\"Cabbia\" \/>\n<meta property=\"article:modified_time\" content=\"2026-04-07T13:08:22+00:00\" \/>\n<meta name=\"twitter:card\" content=\"summary_large_image\" \/>\n<meta name=\"twitter:label1\" content=\"Tempo di lettura stimato\" \/>\n\t<meta name=\"twitter:data1\" content=\"3 minuti\" \/>\n<script type=\"application\/ld+json\" class=\"yoast-schema-graph\">{\"@context\":\"https:\/\/schema.org\",\"@graph\":[{\"@type\":\"WebPage\",\"@id\":\"https:\/\/cabbia.it\/?page_id=1534\",\"url\":\"https:\/\/cabbia.it\/?page_id=1534\",\"name\":\"Tavolo Rovere massiccio gamba Shangai - Cabbia\",\"isPartOf\":{\"@id\":\"https:\/\/cabbia.it\/#website\"},\"datePublished\":\"2026-03-31T14:57:05+00:00\",\"dateModified\":\"2026-04-07T13:08:22+00:00\",\"breadcrumb\":{\"@id\":\"https:\/\/cabbia.it\/?page_id=1534#breadcrumb\"},\"inLanguage\":\"it-IT\",\"potentialAction\":[{\"@type\":\"ReadAction\",\"target\":[\"https:\/\/cabbia.it\/?page_id=1534\"]}]},{\"@type\":\"BreadcrumbList\",\"@id\":\"https:\/\/cabbia.it\/?page_id=1534#breadcrumb\",\"itemListElement\":[{\"@type\":\"ListItem\",\"position\":1,\"name\":\"Home\",\"item\":\"https:\/\/cabbia.it\/\"},{\"@type\":\"ListItem\",\"position\":2,\"name\":\"Tavolo Rovere massiccio gamba Shangai\"}]},{\"@type\":\"WebSite\",\"@id\":\"https:\/\/cabbia.it\/#website\",\"url\":\"https:\/\/cabbia.it\/\",\"name\":\"Cabbia\",\"description\":\"Cabbia\",\"potentialAction\":[{\"@type\":\"SearchAction\",\"target\":{\"@type\":\"EntryPoint\",\"urlTemplate\":\"https:\/\/cabbia.it\/?s={search_term_string}\"},\"query-input\":{\"@type\":\"PropertyValueSpecification\",\"valueRequired\":true,\"valueName\":\"search_term_string\"}}],\"inLanguage\":\"it-IT\"}]}<\/script>\n<!-- \/ Yoast SEO plugin. -->","yoast_head_json":{"title":"Tavolo Rovere massiccio gamba Shangai - Cabbia","robots":{"index":"index","follow":"follow","max-snippet":"max-snippet:-1","max-image-preview":"max-image-preview:large","max-video-preview":"max-video-preview:-1"},"canonical":"https:\/\/cabbia.it\/?page_id=1534","og_locale":"it_IT","og_type":"article","og_title":"Tavolo Rovere massiccio gamba Shangai - Cabbia","og_url":"https:\/\/cabbia.it\/?page_id=1534","og_site_name":"Cabbia","article_modified_time":"2026-04-07T13:08:22+00:00","twitter_card":"summary_large_image","twitter_misc":{"Tempo di lettura stimato":"3 minuti"},"schema":{"@context":"https:\/\/schema.org","@graph":[{"@type":"WebPage","@id":"https:\/\/cabbia.it\/?page_id=1534","url":"https:\/\/cabbia.it\/?page_id=1534","name":"Tavolo Rovere massiccio gamba Shangai - Cabbia","isPartOf":{"@id":"https:\/\/cabbia.it\/#website"},"datePublished":"2026-03-31T14:57:05+00:00","dateModified":"2026-04-07T13:08:22+00:00","breadcrumb":{"@id":"https:\/\/cabbia.it\/?page_id=1534#breadcrumb"},"inLanguage":"it-IT","potentialAction":[{"@type":"ReadAction","target":["https:\/\/cabbia.it\/?page_id=1534"]}]},{"@type":"BreadcrumbList","@id":"https:\/\/cabbia.it\/?page_id=1534#breadcrumb","itemListElement":[{"@type":"ListItem","position":1,"name":"Home","item":"https:\/\/cabbia.it\/"},{"@type":"ListItem","position":2,"name":"Tavolo Rovere massiccio gamba Shangai"}]},{"@type":"WebSite","@id":"https:\/\/cabbia.it\/#website","url":"https:\/\/cabbia.it\/","name":"Cabbia","description":"Cabbia","potentialAction":[{"@type":"SearchAction","target":{"@type":"EntryPoint","urlTemplate":"https:\/\/cabbia.it\/?s={search_term_string}"},"query-input":{"@type":"PropertyValueSpecification","valueRequired":true,"valueName":"search_term_string"}}],"inLanguage":"it-IT"}]}},"builder_content":"<h1><strong>Tavolo rovere massiccio gamba Shangai<\/strong><\/h1> <h2>\u00a0<\/h2>\n<img src=\"https:\/\/cabbia.it\/wp-content\/uploads\/2026\/03\/ChatGPT-Image-31-mar-2026-16_35_40-1024x683-700x700.png\" width=\"700\" height=\"700\" title=\"ChatGPT Image 31 mar 2026, 16_35_40\" alt=\"ChatGPT Image 31 mar 2026, 16_35_40\" srcset=\"https:\/\/cabbia.it\/wp-content\/uploads\/2026\/03\/ChatGPT-Image-31-mar-2026-16_35_40-1024x683-700x700.png 700w, https:\/\/cabbia.it\/wp-content\/uploads\/2026\/03\/ChatGPT-Image-31-mar-2026-16_35_40-150x150.png 150w\" sizes=\"(max-width: 700px) 100vw, 700px\" \/>\n<h2><strong data-start=\"125\" data-end=\"152\">Materia che prende vita<\/strong><\/h2>\n<h3 data-start=\"98\" data-end=\"159\">Non \u00e8 un semplice tavolo.<br data-start=\"179\" data-end=\"182\">\u00c8 equilibrio tra forza e naturalezza.<\/h3>\n<p data-start=\"221\" data-end=\"553\">Il piano in rovere massello racconta subito chi \u00e8: autentico, pieno, presente. Non esistono due superfici uguali, perch\u00e9 ogni venatura segue un proprio percorso, ogni nodo \u00e8 un punto di tensione, ogni sfumatura cambia con la luce. Il colore si muove tra toni caldi, dal miele al dorato, creando una superficie che non \u00e8 mai statica.<\/p> <p data-start=\"555\" data-end=\"749\">Il taglio dritto dei bordi interrompe questa naturale irregolarit\u00e0 con decisione, portando ordine dentro la materia. \u00c8 qui che nasce il carattere: un equilibrio perfetto tra istinto e controllo.<\/p>\n<h2><strong data-start=\"760\" data-end=\"786\">Geometria in movimento<\/strong><\/h2>\n<h3 data-start=\"98\" data-end=\"159\">Poi c\u2019\u00e8 la base.<br data-start=\"804\" data-end=\"807\">Ed \u00e8 qui che il tavolo cambia completamente linguaggio.<\/h3>\n<p data-start=\"864\" data-end=\"1086\">La struttura in ferro si intreccia sotto il piano come un gesto progettuale deciso ma leggero.<\/p> <p data-start=\"864\" data-end=\"1086\">Le linee si incrociano, si sfiorano, si sostengono, creando una dinamica visiva che non appesantisce, ma anzi libera lo spazio.<\/p> <p data-start=\"1088\" data-end=\"1202\">Non \u00e8 una semplice gamba: \u00e8 un segno architettonico.<br data-start=\"1140\" data-end=\"1143\">Sembra quasi sospendere il piano, lasciandolo protagonista.<\/p> <p data-start=\"1204\" data-end=\"1322\">E mentre il legno trasmette calore, il ferro introduce rigore.<br data-start=\"1266\" data-end=\"1269\">Un contrasto netto, che d\u00e0 identit\u00e0 all\u2019intero pezzo.<\/p> <h3 data-section-id=\"dgkzlf\" data-start=\"1329\" data-end=\"1370\">\u00a0<\/h3>\n<img src=\"https:\/\/cabbia.it\/wp-content\/uploads\/2026\/03\/ChatGPT-Image-31-mar-2026-17_03_22-1024x683-600x550.png\" width=\"600\" height=\"550\" title=\"ChatGPT Image 31 mar 2026, 17_03_22\" alt=\"ChatGPT Image 31 mar 2026, 17_03_22\">\n<img src=\"https:\/\/cabbia.it\/wp-content\/uploads\/2026\/03\/ChatGPT-Image-31-mar-2026-17_07_32-1024x683-561x942.png\" width=\"561\" height=\"942\" title=\"ChatGPT Image 31 mar 2026, 17_07_32\" alt=\"ChatGPT Image 31 mar 2026, 17_07_32\">\n<img src=\"https:\/\/cabbia.it\/wp-content\/uploads\/2026\/03\/ChatGPT-Image-31-mar-2026-17_07_39-1024x683-600x550.png\" width=\"600\" height=\"550\" title=\"ChatGPT Image 31 mar 2026, 17_07_39\" alt=\"ChatGPT Image 31 mar 2026, 17_07_39\">\n<h2><strong data-start=\"1333\" data-end=\"1370\">Un centro che definisce lo spazio<\/strong><\/h2>\n<h3 data-start=\"98\" data-end=\"159\">Questo tavolo non si limita a stare dentro una stanza.<br data-start=\"1426\" data-end=\"1429\">La organizza.<\/h3>\n<p data-start=\"1444\" data-end=\"1748\">Diventa punto focale, luogo di incontro, superficie vissuta ogni giorno. La luce lo attraversa lateralmente, scivola sulle venature, si ferma sulle imperfezioni, creando profondit\u00e0 e movimento. \u00c8 un oggetto che cambia durante la giornata, che reagisce all\u2019ambiente, che non rimane mai uguale a s\u00e9 stesso.<\/p> <p data-start=\"1750\" data-end=\"1786\">Intorno a lui, tutto trova un senso.<\/p> <p data-start=\"1788\" data-end=\"1847\">Non \u00e8 solo design industriale.<br data-start=\"1818\" data-end=\"1821\">Non \u00e8 solo rovere e ferro.<\/p> <p data-start=\"1849\" data-end=\"1905\" data-is-last-node=\"\" data-is-only-node=\"\">\u00c8 una presenza che trasforma...<\/p>","_links":{"self":[{"href":"https:\/\/cabbia.it\/index.php?rest_route=\/wp\/v2\/pages\/1534","targetHints":{"allow":["GET"]}}],"collection":[{"href":"https:\/\/cabbia.it\/index.php?rest_route=\/wp\/v2\/pages"}],"about":[{"href":"https:\/\/cabbia.it\/index.php?rest_route=\/wp\/v2\/types\/page"}],"author":[{"embeddable":true,"href":"https:\/\/cabbia.it\/index.php?rest_route=\/wp\/v2\/users\/1"}],"replies":[{"embeddable":true,"href":"https:\/\/cabbia.it\/index.php?rest_route=%2Fwp%2Fv2%2Fcomments&post=1534"}],"version-history":[{"count":13,"href":"https:\/\/cabbia.it\/index.php?rest_route=\/wp\/v2\/pages\/1534\/revisions"}],"predecessor-version":[{"id":1660,"href":"https:\/\/cabbia.it\/index.php?rest_route=\/wp\/v2\/pages\/1534\/revisions\/1660"}],"wp:attachment":[{"href":"https:\/\/cabbia.it\/index.php?rest_route=%2Fwp%2Fv2%2Fmedia&parent=1534"}],"curies":[{"name":"wp","href":"https:\/\/api.w.org\/{rel}","templated":true}]}}