{"id":1753,"date":"2026-04-26T14:39:03","date_gmt":"2026-04-26T14:39:03","guid":{"rendered":"https:\/\/cabbia.it\/?page_id=1753"},"modified":"2026-04-26T14:55:17","modified_gmt":"2026-04-26T14:55:17","slug":"natura-e-luce","status":"publish","type":"page","link":"https:\/\/cabbia.it\/?page_id=1753","title":{"rendered":"Natura e Luce"},"content":{"rendered":"<!-- wp:themify-builder\/canvas \/-->\n\n<!--themify_builder_static--><h1><strong>Natura e luce\u00a0<\/strong><\/h1> <h2>\u00a0<\/h2>\n<img loading=\"lazy\" decoding=\"async\" src=\"https:\/\/cabbia.it\/wp-content\/uploads\/2026\/04\/WhatsApp-Image-2026-04-08-at-23.19.36-1024x754-700x700.jpeg\" width=\"700\" height=\"700\" title=\"WhatsApp Image 2026-04-08 at 23.19.36\" alt=\"WhatsApp Image 2026-04-08 at 23.19.36\" srcset=\"https:\/\/cabbia.it\/wp-content\/uploads\/2026\/04\/WhatsApp-Image-2026-04-08-at-23.19.36-1024x754-700x700.jpeg 700w, https:\/\/cabbia.it\/wp-content\/uploads\/2026\/04\/WhatsApp-Image-2026-04-08-at-23.19.36-150x150.jpeg 150w\" sizes=\"auto, (max-width: 700px) 100vw, 700px\" \/>\n<h2 data-section-id=\"4wexjz\" data-start=\"102\" data-end=\"140\"><strong data-start=\"106\" data-end=\"138\">L\u2019Incontro tra Natura e Luce<\/strong><\/h2>\n<h3 data-start=\"141\" data-end=\"191\">Quando la materia prende vita e diventa emozione<\/h3>\n<p data-start=\"193\" data-end=\"416\">Immagina di portare la bellezza incontaminata della natura direttamente nel tuo salotto. Il tavolino da caff\u00e8 CABBIA non \u00e8 solo un elemento d\u2019arredo, ma una vera opera d\u2019arte scolpita dalla terra e interpretata dall\u2019uomo.<\/p> <p data-start=\"418\" data-end=\"590\">Un oggetto che nasce per emozionare, per catturare lo sguardo e trasformare lo spazio in un\u2019esperienza sensoriale, dove artigianato e natura si fondono in perfetta armonia.<\/p>\n<h2 data-section-id=\"r26acp\" data-start=\"597\" data-end=\"643\"><strong data-start=\"601\" data-end=\"641\">Una Storia Unica, Scolpita nel Tempo<\/strong><\/h2>\n<h3 data-start=\"644\" data-end=\"692\">Il valore irripetibile della materia autentica<\/h3>\n<p data-start=\"694\" data-end=\"915\">Ogni tavolino CABBIA \u00e8 unico, generato da un singolo, maestoso blocco di noce indonesiana. Le sue venature profonde e calde raccontano storie antiche, fatte di foreste lussureggianti e di un tempo che scorre lentamente.<\/p> <p data-start=\"917\" data-end=\"1143\">La forma organica del legno non viene forzata, ma rispettata e valorizzata dagli artigiani, dando vita a un pezzo con una personalit\u00e0 irripetibile. Non esistono duplicati: ogni tavolino \u00e8 un\u2019espressione autentica della natura.<\/p>\n<img loading=\"lazy\" decoding=\"async\" src=\"https:\/\/cabbia.it\/wp-content\/uploads\/2026\/04\/ChatGPT-Image-26-apr-2026-16_45_24-1024x683-600x550.png\" width=\"600\" height=\"550\" title=\"ChatGPT Image 26 apr 2026, 16_45_24\" alt=\"ChatGPT Image 26 apr 2026, 16_45_24\">\n<img loading=\"lazy\" decoding=\"async\" src=\"https:\/\/cabbia.it\/wp-content\/uploads\/2026\/04\/ChatGPT-Image-26-apr-2026-16_54_45-683x1024-561x942.png\" width=\"561\" height=\"942\" title=\"ChatGPT Image 26 apr 2026, 16_54_45\" alt=\"ChatGPT Image 26 apr 2026, 16_54_45\">\n<img loading=\"lazy\" decoding=\"async\" src=\"https:\/\/cabbia.it\/wp-content\/uploads\/2026\/04\/ChatGPT-Image-26-apr-2026-16_50_58-1024x683-600x550.png\" width=\"600\" height=\"550\" title=\"ChatGPT Image 26 apr 2026, 16_50_58\" alt=\"ChatGPT Image 26 apr 2026, 16_50_58\">\n<h2 data-section-id=\"1m5u7j2\" data-start=\"1150\" data-end=\"1187\"><strong data-start=\"1154\" data-end=\"1185\">Luce, Contrasto e Carattere<\/strong><\/h2>\n<h3 data-start=\"1188\" data-end=\"1249\">Design contemporaneo per ambienti che vogliono distinguersi<\/h3>\n<p data-start=\"1251\" data-end=\"1516\">Inseriti con maestria nelle cavit\u00e0 naturali del legno, cristalli lavorati a mano catturano e riflettono la luce, creando giochi visivi dinamici che animano la superficie. \u00c8 come se il tavolino emanasse una luce propria, diventando il cuore pulsante dell\u2019ambiente.<\/p> <p data-start=\"1518\" data-end=\"1690\">A completare l\u2019opera, i lati neri geometrici introducono un contrasto deciso e contemporaneo, bilanciando la morbidezza della materia con una struttura elegante e audace.<\/p> <p data-start=\"1692\" data-end=\"1902\">Con le sue dimensioni importanti e la sua presenza scenica, CABBIA non \u00e8 per tutti: \u00e8 per chi cerca esclusivit\u00e0, per chi vuole distinguersi e per chi desidera trasformare il proprio spazio in qualcosa di unico<\/p><!--\/themify_builder_static-->","protected":false},"excerpt":{"rendered":"<p>Natura e luce\u00a0 \u00a0 L\u2019Incontro tra Natura e Luce Quando la materia prende vita e diventa emozione Immagina di portare la bellezza incontaminata della natura direttamente nel tuo salotto. Il tavolino da caff\u00e8 CABBIA non \u00e8 solo un elemento d\u2019arredo, ma una vera opera d\u2019arte scolpita dalla terra e interpretata dall\u2019uomo. Un oggetto che nasce [&hellip;]<\/p>\n","protected":false},"author":1,"featured_media":0,"parent":0,"menu_order":0,"comment_status":"closed","ping_status":"closed","template":"","meta":{"_monsterinsights_skip_tracking":false,"_monsterinsights_sitenote_active":false,"_monsterinsights_sitenote_note":"","_monsterinsights_sitenote_category":0,"footnotes":""},"class_list":["post-1753","page","type-page","status-publish","hentry","has-post-title","has-post-date","has-post-category","has-post-tag","has-post-comment","has-post-author",""],"yoast_head":"<!-- This site is optimized with the Yoast SEO plugin v26.8 - https:\/\/yoast.com\/product\/yoast-seo-wordpress\/ -->\n<title>Natura e Luce - Cabbia<\/title>\n<meta name=\"robots\" content=\"index, follow, max-snippet:-1, max-image-preview:large, max-video-preview:-1\" \/>\n<link rel=\"canonical\" href=\"https:\/\/cabbia.it\/?page_id=1753\" \/>\n<meta property=\"og:locale\" content=\"it_IT\" \/>\n<meta property=\"og:type\" content=\"article\" \/>\n<meta property=\"og:title\" content=\"Natura e Luce - Cabbia\" \/>\n<meta property=\"og:description\" content=\"Natura e luce\u00a0 \u00a0 L\u2019Incontro tra Natura e Luce Quando la materia prende vita e diventa emozione Immagina di portare la bellezza incontaminata della natura direttamente nel tuo salotto. Il tavolino da caff\u00e8 CABBIA non \u00e8 solo un elemento d\u2019arredo, ma una vera opera d\u2019arte scolpita dalla terra e interpretata dall\u2019uomo. Un oggetto che nasce [&hellip;]\" \/>\n<meta property=\"og:url\" content=\"https:\/\/cabbia.it\/?page_id=1753\" \/>\n<meta property=\"og:site_name\" content=\"Cabbia\" \/>\n<meta property=\"article:modified_time\" content=\"2026-04-26T14:55:17+00:00\" \/>\n<meta name=\"twitter:card\" content=\"summary_large_image\" \/>\n<meta name=\"twitter:label1\" content=\"Tempo di lettura stimato\" \/>\n\t<meta name=\"twitter:data1\" content=\"3 minuti\" \/>\n<script type=\"application\/ld+json\" class=\"yoast-schema-graph\">{\"@context\":\"https:\/\/schema.org\",\"@graph\":[{\"@type\":\"WebPage\",\"@id\":\"https:\/\/cabbia.it\/?page_id=1753\",\"url\":\"https:\/\/cabbia.it\/?page_id=1753\",\"name\":\"Natura e Luce - Cabbia\",\"isPartOf\":{\"@id\":\"https:\/\/cabbia.it\/#website\"},\"primaryImageOfPage\":{\"@id\":\"https:\/\/cabbia.it\/?page_id=1753#primaryimage\"},\"image\":{\"@id\":\"https:\/\/cabbia.it\/?page_id=1753#primaryimage\"},\"thumbnailUrl\":\"https:\/\/cabbia.it\/wp-content\/uploads\/2026\/04\/WhatsApp-Image-2026-04-08-at-23.19.36-1024x754-700x700.jpeg\",\"datePublished\":\"2026-04-26T14:39:03+00:00\",\"dateModified\":\"2026-04-26T14:55:17+00:00\",\"breadcrumb\":{\"@id\":\"https:\/\/cabbia.it\/?page_id=1753#breadcrumb\"},\"inLanguage\":\"it-IT\",\"potentialAction\":[{\"@type\":\"ReadAction\",\"target\":[\"https:\/\/cabbia.it\/?page_id=1753\"]}]},{\"@type\":\"ImageObject\",\"inLanguage\":\"it-IT\",\"@id\":\"https:\/\/cabbia.it\/?page_id=1753#primaryimage\",\"url\":\"https:\/\/cabbia.it\/wp-content\/uploads\/2026\/04\/WhatsApp-Image-2026-04-08-at-23.19.36-1024x754-700x700.jpeg\",\"contentUrl\":\"https:\/\/cabbia.it\/wp-content\/uploads\/2026\/04\/WhatsApp-Image-2026-04-08-at-23.19.36-1024x754-700x700.jpeg\"},{\"@type\":\"BreadcrumbList\",\"@id\":\"https:\/\/cabbia.it\/?page_id=1753#breadcrumb\",\"itemListElement\":[{\"@type\":\"ListItem\",\"position\":1,\"name\":\"Home\",\"item\":\"https:\/\/cabbia.it\/\"},{\"@type\":\"ListItem\",\"position\":2,\"name\":\"Natura e Luce\"}]},{\"@type\":\"WebSite\",\"@id\":\"https:\/\/cabbia.it\/#website\",\"url\":\"https:\/\/cabbia.it\/\",\"name\":\"Cabbia\",\"description\":\"Cabbia\",\"potentialAction\":[{\"@type\":\"SearchAction\",\"target\":{\"@type\":\"EntryPoint\",\"urlTemplate\":\"https:\/\/cabbia.it\/?s={search_term_string}\"},\"query-input\":{\"@type\":\"PropertyValueSpecification\",\"valueRequired\":true,\"valueName\":\"search_term_string\"}}],\"inLanguage\":\"it-IT\"}]}<\/script>\n<!-- \/ Yoast SEO plugin. -->","yoast_head_json":{"title":"Natura e Luce - Cabbia","robots":{"index":"index","follow":"follow","max-snippet":"max-snippet:-1","max-image-preview":"max-image-preview:large","max-video-preview":"max-video-preview:-1"},"canonical":"https:\/\/cabbia.it\/?page_id=1753","og_locale":"it_IT","og_type":"article","og_title":"Natura e Luce - Cabbia","og_description":"Natura e luce\u00a0 \u00a0 L\u2019Incontro tra Natura e Luce Quando la materia prende vita e diventa emozione Immagina di portare la bellezza incontaminata della natura direttamente nel tuo salotto. Il tavolino da caff\u00e8 CABBIA non \u00e8 solo un elemento d\u2019arredo, ma una vera opera d\u2019arte scolpita dalla terra e interpretata dall\u2019uomo. Un oggetto che nasce [&hellip;]","og_url":"https:\/\/cabbia.it\/?page_id=1753","og_site_name":"Cabbia","article_modified_time":"2026-04-26T14:55:17+00:00","twitter_card":"summary_large_image","twitter_misc":{"Tempo di lettura stimato":"3 minuti"},"schema":{"@context":"https:\/\/schema.org","@graph":[{"@type":"WebPage","@id":"https:\/\/cabbia.it\/?page_id=1753","url":"https:\/\/cabbia.it\/?page_id=1753","name":"Natura e Luce - Cabbia","isPartOf":{"@id":"https:\/\/cabbia.it\/#website"},"primaryImageOfPage":{"@id":"https:\/\/cabbia.it\/?page_id=1753#primaryimage"},"image":{"@id":"https:\/\/cabbia.it\/?page_id=1753#primaryimage"},"thumbnailUrl":"https:\/\/cabbia.it\/wp-content\/uploads\/2026\/04\/WhatsApp-Image-2026-04-08-at-23.19.36-1024x754-700x700.jpeg","datePublished":"2026-04-26T14:39:03+00:00","dateModified":"2026-04-26T14:55:17+00:00","breadcrumb":{"@id":"https:\/\/cabbia.it\/?page_id=1753#breadcrumb"},"inLanguage":"it-IT","potentialAction":[{"@type":"ReadAction","target":["https:\/\/cabbia.it\/?page_id=1753"]}]},{"@type":"ImageObject","inLanguage":"it-IT","@id":"https:\/\/cabbia.it\/?page_id=1753#primaryimage","url":"https:\/\/cabbia.it\/wp-content\/uploads\/2026\/04\/WhatsApp-Image-2026-04-08-at-23.19.36-1024x754-700x700.jpeg","contentUrl":"https:\/\/cabbia.it\/wp-content\/uploads\/2026\/04\/WhatsApp-Image-2026-04-08-at-23.19.36-1024x754-700x700.jpeg"},{"@type":"BreadcrumbList","@id":"https:\/\/cabbia.it\/?page_id=1753#breadcrumb","itemListElement":[{"@type":"ListItem","position":1,"name":"Home","item":"https:\/\/cabbia.it\/"},{"@type":"ListItem","position":2,"name":"Natura e Luce"}]},{"@type":"WebSite","@id":"https:\/\/cabbia.it\/#website","url":"https:\/\/cabbia.it\/","name":"Cabbia","description":"Cabbia","potentialAction":[{"@type":"SearchAction","target":{"@type":"EntryPoint","urlTemplate":"https:\/\/cabbia.it\/?s={search_term_string}"},"query-input":{"@type":"PropertyValueSpecification","valueRequired":true,"valueName":"search_term_string"}}],"inLanguage":"it-IT"}]}},"builder_content":"<h1><strong>Natura e luce\u00a0<\/strong><\/h1> <h2>\u00a0<\/h2>\n<img src=\"https:\/\/cabbia.it\/wp-content\/uploads\/2026\/04\/WhatsApp-Image-2026-04-08-at-23.19.36-1024x754-700x700.jpeg\" width=\"700\" height=\"700\" title=\"WhatsApp Image 2026-04-08 at 23.19.36\" alt=\"WhatsApp Image 2026-04-08 at 23.19.36\" srcset=\"https:\/\/cabbia.it\/wp-content\/uploads\/2026\/04\/WhatsApp-Image-2026-04-08-at-23.19.36-1024x754-700x700.jpeg 700w, https:\/\/cabbia.it\/wp-content\/uploads\/2026\/04\/WhatsApp-Image-2026-04-08-at-23.19.36-150x150.jpeg 150w\" sizes=\"(max-width: 700px) 100vw, 700px\" \/>\n<h2 data-section-id=\"4wexjz\" data-start=\"102\" data-end=\"140\"><strong data-start=\"106\" data-end=\"138\">L\u2019Incontro tra Natura e Luce<\/strong><\/h2>\n<h3 data-start=\"141\" data-end=\"191\">Quando la materia prende vita e diventa emozione<\/h3>\n<p data-start=\"193\" data-end=\"416\">Immagina di portare la bellezza incontaminata della natura direttamente nel tuo salotto. Il tavolino da caff\u00e8 CABBIA non \u00e8 solo un elemento d\u2019arredo, ma una vera opera d\u2019arte scolpita dalla terra e interpretata dall\u2019uomo.<\/p> <p data-start=\"418\" data-end=\"590\">Un oggetto che nasce per emozionare, per catturare lo sguardo e trasformare lo spazio in un\u2019esperienza sensoriale, dove artigianato e natura si fondono in perfetta armonia.<\/p>\n<h2 data-section-id=\"r26acp\" data-start=\"597\" data-end=\"643\"><strong data-start=\"601\" data-end=\"641\">Una Storia Unica, Scolpita nel Tempo<\/strong><\/h2>\n<h3 data-start=\"644\" data-end=\"692\">Il valore irripetibile della materia autentica<\/h3>\n<p data-start=\"694\" data-end=\"915\">Ogni tavolino CABBIA \u00e8 unico, generato da un singolo, maestoso blocco di noce indonesiana. Le sue venature profonde e calde raccontano storie antiche, fatte di foreste lussureggianti e di un tempo che scorre lentamente.<\/p> <p data-start=\"917\" data-end=\"1143\">La forma organica del legno non viene forzata, ma rispettata e valorizzata dagli artigiani, dando vita a un pezzo con una personalit\u00e0 irripetibile. Non esistono duplicati: ogni tavolino \u00e8 un\u2019espressione autentica della natura.<\/p>\n<img src=\"https:\/\/cabbia.it\/wp-content\/uploads\/2026\/04\/ChatGPT-Image-26-apr-2026-16_45_24-1024x683-600x550.png\" width=\"600\" height=\"550\" title=\"ChatGPT Image 26 apr 2026, 16_45_24\" alt=\"ChatGPT Image 26 apr 2026, 16_45_24\">\n<img src=\"https:\/\/cabbia.it\/wp-content\/uploads\/2026\/04\/ChatGPT-Image-26-apr-2026-16_54_45-683x1024-561x942.png\" width=\"561\" height=\"942\" title=\"ChatGPT Image 26 apr 2026, 16_54_45\" alt=\"ChatGPT Image 26 apr 2026, 16_54_45\">\n<img src=\"https:\/\/cabbia.it\/wp-content\/uploads\/2026\/04\/ChatGPT-Image-26-apr-2026-16_50_58-1024x683-600x550.png\" width=\"600\" height=\"550\" title=\"ChatGPT Image 26 apr 2026, 16_50_58\" alt=\"ChatGPT Image 26 apr 2026, 16_50_58\">\n<h2 data-section-id=\"1m5u7j2\" data-start=\"1150\" data-end=\"1187\"><strong data-start=\"1154\" data-end=\"1185\">Luce, Contrasto e Carattere<\/strong><\/h2>\n<h3 data-start=\"1188\" data-end=\"1249\">Design contemporaneo per ambienti che vogliono distinguersi<\/h3>\n<p data-start=\"1251\" data-end=\"1516\">Inseriti con maestria nelle cavit\u00e0 naturali del legno, cristalli lavorati a mano catturano e riflettono la luce, creando giochi visivi dinamici che animano la superficie. \u00c8 come se il tavolino emanasse una luce propria, diventando il cuore pulsante dell\u2019ambiente.<\/p> <p data-start=\"1518\" data-end=\"1690\">A completare l\u2019opera, i lati neri geometrici introducono un contrasto deciso e contemporaneo, bilanciando la morbidezza della materia con una struttura elegante e audace.<\/p> <p data-start=\"1692\" data-end=\"1902\">Con le sue dimensioni importanti e la sua presenza scenica, CABBIA non \u00e8 per tutti: \u00e8 per chi cerca esclusivit\u00e0, per chi vuole distinguersi e per chi desidera trasformare il proprio spazio in qualcosa di unico<\/p>","_links":{"self":[{"href":"https:\/\/cabbia.it\/index.php?rest_route=\/wp\/v2\/pages\/1753","targetHints":{"allow":["GET"]}}],"collection":[{"href":"https:\/\/cabbia.it\/index.php?rest_route=\/wp\/v2\/pages"}],"about":[{"href":"https:\/\/cabbia.it\/index.php?rest_route=\/wp\/v2\/types\/page"}],"author":[{"embeddable":true,"href":"https:\/\/cabbia.it\/index.php?rest_route=\/wp\/v2\/users\/1"}],"replies":[{"embeddable":true,"href":"https:\/\/cabbia.it\/index.php?rest_route=%2Fwp%2Fv2%2Fcomments&post=1753"}],"version-history":[{"count":5,"href":"https:\/\/cabbia.it\/index.php?rest_route=\/wp\/v2\/pages\/1753\/revisions"}],"predecessor-version":[{"id":1763,"href":"https:\/\/cabbia.it\/index.php?rest_route=\/wp\/v2\/pages\/1753\/revisions\/1763"}],"wp:attachment":[{"href":"https:\/\/cabbia.it\/index.php?rest_route=%2Fwp%2Fv2%2Fmedia&parent=1753"}],"curies":[{"name":"wp","href":"https:\/\/api.w.org\/{rel}","templated":true}]}}