{"id":922,"date":"2025-11-21T02:09:19","date_gmt":"2025-11-21T02:09:19","guid":{"rendered":"https:\/\/cabbia.it\/spina-italiana-copy\/"},"modified":"2026-01-24T08:50:55","modified_gmt":"2026-01-24T08:50:55","slug":"spina-francese","status":"publish","type":"page","link":"https:\/\/cabbia.it\/?page_id=922","title":{"rendered":"Spina Francese"},"content":{"rendered":"<!-- wp:themify-builder\/canvas \/-->\n\n<!--themify_builder_static--><h2 data-start=\"259\" data-end=\"278\">Spina Francese<\/h2> <p data-start=\"279\" data-end=\"338\"><strong data-start=\"279\" data-end=\"338\">Il rigore dell\u2019eleganza europea, interpretato da Cabbia<\/strong><\/p> <p data-start=\"340\" data-end=\"645\">La <strong data-start=\"343\" data-end=\"361\">Spina Francese<\/strong> di <strong data-start=\"365\" data-end=\"406\">Cabbia<\/strong> rappresenta l\u2019incontro perfetto tra precisione architettonica e raffinatezza senza tempo.<br data-start=\"496\" data-end=\"499\">Una posa iconica, riconoscibile per il taglio inclinato delle tavole, che disegna nello spazio un ritmo deciso, ordinato e profondamente elegante.<\/p> <p data-start=\"647\" data-end=\"1013\">Questa collezione nasce dalla tradizione dei grandi interni europei e viene reinterpretata da Cabbia con un approccio sartoriale, dove ogni dettaglio \u00e8 studiato per valorizzare proporzioni, luce e materia. La geometria netta della Spina Francese conferisce agli ambienti un carattere autorevole e sofisticato, trasformando il parquet in un vero elemento progettuale.<\/p> <p data-start=\"1015\" data-end=\"1486\">Ogni tavola \u00e8 selezionata e lavorata con estrema cura affinch\u00e9 l\u2019incastro angolare risulti preciso, armonioso e visivamente impeccabile. Le venature del legno si incontrano con equilibrio, creando giochi di luce e profondit\u00e0 che amplificano la percezione dello spazio.<br data-start=\"1283\" data-end=\"1286\">Il risultato \u00e8 un parquet di grande impatto estetico, capace di esprimere eleganza, rigore e personalit\u00e0, pensato per ambienti di prestigio dove il design non \u00e8 mai casuale, ma una scelta consapevole.<\/p>\n<img loading=\"lazy\" decoding=\"async\" src=\"https:\/\/cabbia.it\/wp-content\/uploads\/2025\/09\/NATURALE_3-560x450.jpg\" width=\"560\" height=\"450\" title=\"NATURALE_3\" alt=\"NATURALE_3\">\n<h2>Natural Classic\u00a0<\/h2>\n<h4>Un parquet di grande eleganza<\/h4>\n\u00a0\n<p>Questo pavimento dall\u2019indiscusso impatto estetico \u00e8 stato concepito per soddisfare le esigenze di coloro che amano la geometria di posa a spina francese ma non vogliono rinunciare alla matericit\u00e0 del legno.<\/p>\n\u00a0\n<a href=\"https:\/\/cabbia.it\/?page_id=341\" > Scopri <em><svg aria-hidden=\"true\"><use href=\"#tf-ti-arrow-right\"><\/use><\/svg><\/em> <\/a>\n<h2 data-start=\"132\" data-end=\"168\"><strong data-start=\"135\" data-end=\"166\">Large Classic<\/strong><\/h2>\n<h4>La bellezza del rovere, valorizzata<\/h4>\n<p>Con questo pavimento in rovere naturale abbiamo voluto esaltare la spina francese con taglio a 45\u00b0, utilizzando un listone con larghezza di 12 cm. Questa peculiarit\u00e0 esalta la bellezza del legno.<\/p>\n\u00a0\n<a href=\"https:\/\/cabbia.it\/?page_id=383\" > Scopri <em><svg aria-hidden=\"true\"><use href=\"#tf-ti-arrow-right\"><\/use><\/svg><\/em> <\/a>\n<img loading=\"lazy\" decoding=\"async\" src=\"https:\/\/cabbia.it\/wp-content\/uploads\/2025\/09\/NATURALE-LARGA-90_3-1024x775-560x450.jpg\" width=\"560\" height=\"450\" title=\"NATURALE LARGA 90_3\" alt=\"NATURALE LARGA 90_3\">\n<img loading=\"lazy\" decoding=\"async\" src=\"https:\/\/cabbia.it\/wp-content\/uploads\/2025\/09\/PROVENZA_4-560x450.jpg\" width=\"560\" height=\"450\" title=\"PROVENZA_4\" alt=\"PROVENZA_4\">\n<h2 data-start=\"119\" data-end=\"149\"><strong data-start=\"122\" data-end=\"147\">Provenza<\/strong><\/h2>\n<h4>La bellezza del rovere Provenza<\/h4>\n\u00a0\n<p>Con questo parquet in rovere Provenza, abbiamo realizzato un pavimento molto caldo nei toni ma al contempo luminoso.<\/p>\n<a href=\"https:\/\/cabbia.it\/?page_id=369\" > Scopri <em><svg aria-hidden=\"true\"><use href=\"#tf-ti-arrow-right\"><\/use><\/svg><\/em> <\/a>\n<h2 data-start=\"132\" data-end=\"168\"><strong data-start=\"135\" data-end=\"166\">Visone<\/strong><\/h2>\n<h4>Nuova vita al \u201ctotal black\u201d<\/h4>\n<p>Con questo pavimento in rovere realizzato con taglio a 45\u00b0 per posa a spina francese, abbiamo voluto dare nuova vita al \u201ctotal black\u201d.<\/p>\n<a href=\"https:\/\/cabbia.it\/?page_id=355\" > Scopri <em><svg aria-hidden=\"true\"><use href=\"#tf-ti-arrow-right\"><\/use><\/svg><\/em> <\/a>\n<img loading=\"lazy\" decoding=\"async\" src=\"https:\/\/cabbia.it\/wp-content\/uploads\/2025\/09\/WENGE-VISONE-1024x695-560x450.jpg\" width=\"560\" height=\"450\" title=\"WENGE VISONE\" alt=\"WENGE VISONE\">\n<img loading=\"lazy\" decoding=\"async\" src=\"https:\/\/cabbia.it\/wp-content\/uploads\/2025\/12\/spina_francese_crudo-1024x683-560x450.png\" width=\"560\" height=\"450\" title=\"spina_francese_crudo\" alt=\"spina francese crudo\">\n<h2 data-start=\"119\" data-end=\"149\"><strong data-start=\"122\" data-end=\"147\">Crudo<\/strong><\/h2>\n<h4>\u00a0<\/h4>\n<p>La\u00a0<strong data-start=\"274\" data-end=\"298\">Spina Francese Crudo<\/strong>\u00a0di\u00a0<em>Cabbia<\/em>\u00a0nasce dall\u2019incontro tra tradizione artigianale e visione contemporanea. \u00c8 un parquet che non vuole semplicemente arredare: vuole raccontare una storia.<br data-start=\"463\" data-end=\"466\">Una storia fatta di equilibrio, autenticit\u00e0 e bellezza naturale. Ogni tavola viene selezionata con cura, \u201clistone per listone\u201d, per garantire un risultato visivo armonico, pulito, ricco di sfumature ma mai invasivo.<\/p>\n<a href=\"https:\/\/cabbia.it\/?page_id=369\" > Scopri <em><svg aria-hidden=\"true\"><use href=\"#tf-ti-arrow-right\"><\/use><\/svg><\/em> <\/a>\n<h2>We partner with our clients to understand their vision, objectives and other opportunities so we can deliver a design fit exclusively for you.<\/h2>\n<h2>Recent Projects<\/h2><!--\/themify_builder_static-->","protected":false},"excerpt":{"rendered":"<p>Spina Francese Il rigore dell\u2019eleganza europea, interpretato da Cabbia La Spina Francese di Cabbia rappresenta l\u2019incontro perfetto tra precisione architettonica e raffinatezza senza tempo.Una posa iconica, riconoscibile per il taglio inclinato delle tavole, che disegna nello spazio un ritmo deciso, ordinato e profondamente elegante. Questa collezione nasce dalla tradizione dei grandi interni europei e viene [&hellip;]<\/p>\n","protected":false},"author":1,"featured_media":0,"parent":0,"menu_order":0,"comment_status":"closed","ping_status":"closed","template":"","meta":{"_monsterinsights_skip_tracking":false,"_monsterinsights_sitenote_active":false,"_monsterinsights_sitenote_note":"","_monsterinsights_sitenote_category":0,"footnotes":""},"class_list":["post-922","page","type-page","status-publish","hentry","has-post-title","has-post-date","has-post-category","has-post-tag","has-post-comment","has-post-author",""],"yoast_head":"<!-- This site is optimized with the Yoast SEO plugin v26.8 - https:\/\/yoast.com\/product\/yoast-seo-wordpress\/ -->\n<title>Spina Francese - Cabbia<\/title>\n<meta name=\"robots\" content=\"index, follow, max-snippet:-1, max-image-preview:large, max-video-preview:-1\" \/>\n<link rel=\"canonical\" href=\"https:\/\/cabbia.it\/?page_id=922\" \/>\n<meta property=\"og:locale\" content=\"it_IT\" \/>\n<meta property=\"og:type\" content=\"article\" \/>\n<meta property=\"og:title\" content=\"Spina Francese - Cabbia\" \/>\n<meta property=\"og:description\" content=\"Spina Francese Il rigore dell\u2019eleganza europea, interpretato da Cabbia La Spina Francese di Cabbia rappresenta l\u2019incontro perfetto tra precisione architettonica e raffinatezza senza tempo.Una posa iconica, riconoscibile per il taglio inclinato delle tavole, che disegna nello spazio un ritmo deciso, ordinato e profondamente elegante. Questa collezione nasce dalla tradizione dei grandi interni europei e viene [&hellip;]\" \/>\n<meta property=\"og:url\" content=\"https:\/\/cabbia.it\/?page_id=922\" \/>\n<meta property=\"og:site_name\" content=\"Cabbia\" \/>\n<meta property=\"article:modified_time\" content=\"2026-01-24T08:50:55+00:00\" \/>\n<meta property=\"og:image\" content=\"https:\/\/cabbia.it\/wp-content\/uploads\/2025\/09\/NATURALE_5-560x450.jpg\" \/>\n<meta name=\"twitter:card\" content=\"summary_large_image\" \/>\n<meta name=\"twitter:label1\" content=\"Tempo di lettura stimato\" \/>\n\t<meta name=\"twitter:data1\" content=\"3 minuti\" \/>\n<script type=\"application\/ld+json\" class=\"yoast-schema-graph\">{\"@context\":\"https:\/\/schema.org\",\"@graph\":[{\"@type\":\"WebPage\",\"@id\":\"https:\/\/cabbia.it\/?page_id=922\",\"url\":\"https:\/\/cabbia.it\/?page_id=922\",\"name\":\"Spina Francese - Cabbia\",\"isPartOf\":{\"@id\":\"https:\/\/cabbia.it\/#website\"},\"primaryImageOfPage\":{\"@id\":\"https:\/\/cabbia.it\/?page_id=922#primaryimage\"},\"image\":{\"@id\":\"https:\/\/cabbia.it\/?page_id=922#primaryimage\"},\"thumbnailUrl\":\"https:\/\/cabbia.it\/wp-content\/uploads\/2025\/09\/NATURALE_3-560x450.jpg\",\"datePublished\":\"2025-11-21T02:09:19+00:00\",\"dateModified\":\"2026-01-24T08:50:55+00:00\",\"breadcrumb\":{\"@id\":\"https:\/\/cabbia.it\/?page_id=922#breadcrumb\"},\"inLanguage\":\"it-IT\",\"potentialAction\":[{\"@type\":\"ReadAction\",\"target\":[\"https:\/\/cabbia.it\/?page_id=922\"]}]},{\"@type\":\"ImageObject\",\"inLanguage\":\"it-IT\",\"@id\":\"https:\/\/cabbia.it\/?page_id=922#primaryimage\",\"url\":\"https:\/\/cabbia.it\/wp-content\/uploads\/2025\/09\/NATURALE_3.jpg\",\"contentUrl\":\"https:\/\/cabbia.it\/wp-content\/uploads\/2025\/09\/NATURALE_3.jpg\",\"width\":923,\"height\":615},{\"@type\":\"BreadcrumbList\",\"@id\":\"https:\/\/cabbia.it\/?page_id=922#breadcrumb\",\"itemListElement\":[{\"@type\":\"ListItem\",\"position\":1,\"name\":\"Home\",\"item\":\"https:\/\/cabbia.it\/\"},{\"@type\":\"ListItem\",\"position\":2,\"name\":\"Spina Francese\"}]},{\"@type\":\"WebSite\",\"@id\":\"https:\/\/cabbia.it\/#website\",\"url\":\"https:\/\/cabbia.it\/\",\"name\":\"Cabbia\",\"description\":\"Cabbia\",\"potentialAction\":[{\"@type\":\"SearchAction\",\"target\":{\"@type\":\"EntryPoint\",\"urlTemplate\":\"https:\/\/cabbia.it\/?s={search_term_string}\"},\"query-input\":{\"@type\":\"PropertyValueSpecification\",\"valueRequired\":true,\"valueName\":\"search_term_string\"}}],\"inLanguage\":\"it-IT\"}]}<\/script>\n<!-- \/ Yoast SEO plugin. -->","yoast_head_json":{"title":"Spina Francese - Cabbia","robots":{"index":"index","follow":"follow","max-snippet":"max-snippet:-1","max-image-preview":"max-image-preview:large","max-video-preview":"max-video-preview:-1"},"canonical":"https:\/\/cabbia.it\/?page_id=922","og_locale":"it_IT","og_type":"article","og_title":"Spina Francese - Cabbia","og_description":"Spina Francese Il rigore dell\u2019eleganza europea, interpretato da Cabbia La Spina Francese di Cabbia rappresenta l\u2019incontro perfetto tra precisione architettonica e raffinatezza senza tempo.Una posa iconica, riconoscibile per il taglio inclinato delle tavole, che disegna nello spazio un ritmo deciso, ordinato e profondamente elegante. Questa collezione nasce dalla tradizione dei grandi interni europei e viene [&hellip;]","og_url":"https:\/\/cabbia.it\/?page_id=922","og_site_name":"Cabbia","article_modified_time":"2026-01-24T08:50:55+00:00","og_image":[{"url":"https:\/\/cabbia.it\/wp-content\/uploads\/2025\/09\/NATURALE_5-560x450.jpg","type":"","width":"","height":""}],"twitter_card":"summary_large_image","twitter_misc":{"Tempo di lettura stimato":"3 minuti"},"schema":{"@context":"https:\/\/schema.org","@graph":[{"@type":"WebPage","@id":"https:\/\/cabbia.it\/?page_id=922","url":"https:\/\/cabbia.it\/?page_id=922","name":"Spina Francese - Cabbia","isPartOf":{"@id":"https:\/\/cabbia.it\/#website"},"primaryImageOfPage":{"@id":"https:\/\/cabbia.it\/?page_id=922#primaryimage"},"image":{"@id":"https:\/\/cabbia.it\/?page_id=922#primaryimage"},"thumbnailUrl":"https:\/\/cabbia.it\/wp-content\/uploads\/2025\/09\/NATURALE_3-560x450.jpg","datePublished":"2025-11-21T02:09:19+00:00","dateModified":"2026-01-24T08:50:55+00:00","breadcrumb":{"@id":"https:\/\/cabbia.it\/?page_id=922#breadcrumb"},"inLanguage":"it-IT","potentialAction":[{"@type":"ReadAction","target":["https:\/\/cabbia.it\/?page_id=922"]}]},{"@type":"ImageObject","inLanguage":"it-IT","@id":"https:\/\/cabbia.it\/?page_id=922#primaryimage","url":"https:\/\/cabbia.it\/wp-content\/uploads\/2025\/09\/NATURALE_3.jpg","contentUrl":"https:\/\/cabbia.it\/wp-content\/uploads\/2025\/09\/NATURALE_3.jpg","width":923,"height":615},{"@type":"BreadcrumbList","@id":"https:\/\/cabbia.it\/?page_id=922#breadcrumb","itemListElement":[{"@type":"ListItem","position":1,"name":"Home","item":"https:\/\/cabbia.it\/"},{"@type":"ListItem","position":2,"name":"Spina Francese"}]},{"@type":"WebSite","@id":"https:\/\/cabbia.it\/#website","url":"https:\/\/cabbia.it\/","name":"Cabbia","description":"Cabbia","potentialAction":[{"@type":"SearchAction","target":{"@type":"EntryPoint","urlTemplate":"https:\/\/cabbia.it\/?s={search_term_string}"},"query-input":{"@type":"PropertyValueSpecification","valueRequired":true,"valueName":"search_term_string"}}],"inLanguage":"it-IT"}]}},"builder_content":"<h2 data-start=\"259\" data-end=\"278\">Spina Francese<\/h2> <p data-start=\"279\" data-end=\"338\"><strong data-start=\"279\" data-end=\"338\">Il rigore dell\u2019eleganza europea, interpretato da Cabbia<\/strong><\/p> <p data-start=\"340\" data-end=\"645\">La <strong data-start=\"343\" data-end=\"361\">Spina Francese<\/strong> di <strong data-start=\"365\" data-end=\"406\">Cabbia<\/strong> rappresenta l\u2019incontro perfetto tra precisione architettonica e raffinatezza senza tempo.<br data-start=\"496\" data-end=\"499\">Una posa iconica, riconoscibile per il taglio inclinato delle tavole, che disegna nello spazio un ritmo deciso, ordinato e profondamente elegante.<\/p> <p data-start=\"647\" data-end=\"1013\">Questa collezione nasce dalla tradizione dei grandi interni europei e viene reinterpretata da Cabbia con un approccio sartoriale, dove ogni dettaglio \u00e8 studiato per valorizzare proporzioni, luce e materia. La geometria netta della Spina Francese conferisce agli ambienti un carattere autorevole e sofisticato, trasformando il parquet in un vero elemento progettuale.<\/p> <p data-start=\"1015\" data-end=\"1486\">Ogni tavola \u00e8 selezionata e lavorata con estrema cura affinch\u00e9 l\u2019incastro angolare risulti preciso, armonioso e visivamente impeccabile. Le venature del legno si incontrano con equilibrio, creando giochi di luce e profondit\u00e0 che amplificano la percezione dello spazio.<br data-start=\"1283\" data-end=\"1286\">Il risultato \u00e8 un parquet di grande impatto estetico, capace di esprimere eleganza, rigore e personalit\u00e0, pensato per ambienti di prestigio dove il design non \u00e8 mai casuale, ma una scelta consapevole.<\/p>\n<img src=\"https:\/\/cabbia.it\/wp-content\/uploads\/2025\/09\/NATURALE_3-560x450.jpg\" width=\"560\" height=\"450\" title=\"NATURALE_3\" alt=\"NATURALE_3\">\n<h2>Natural Classic\u00a0<\/h2>\n<h4>Un parquet di grande eleganza<\/h4>\n\u00a0\n<p>Questo pavimento dall\u2019indiscusso impatto estetico \u00e8 stato concepito per soddisfare le esigenze di coloro che amano la geometria di posa a spina francese ma non vogliono rinunciare alla matericit\u00e0 del legno.<\/p>\n\u00a0\n<a href=\"https:\/\/cabbia.it\/?page_id=341\" > Scopri <em><svg aria-hidden=\"true\"><use href=\"#tf-ti-arrow-right\"><\/use><\/svg><\/em> <\/a>\n<h2 data-start=\"132\" data-end=\"168\"><strong data-start=\"135\" data-end=\"166\">Large Classic<\/strong><\/h2>\n<h4>La bellezza del rovere, valorizzata<\/h4>\n<p>Con questo pavimento in rovere naturale abbiamo voluto esaltare la spina francese con taglio a 45\u00b0, utilizzando un listone con larghezza di 12 cm. Questa peculiarit\u00e0 esalta la bellezza del legno.<\/p>\n\u00a0\n<a href=\"https:\/\/cabbia.it\/?page_id=383\" > Scopri <em><svg aria-hidden=\"true\"><use href=\"#tf-ti-arrow-right\"><\/use><\/svg><\/em> <\/a>\n<img src=\"https:\/\/cabbia.it\/wp-content\/uploads\/2025\/09\/NATURALE-LARGA-90_3-1024x775-560x450.jpg\" width=\"560\" height=\"450\" title=\"NATURALE LARGA 90_3\" alt=\"NATURALE LARGA 90_3\">\n<img src=\"https:\/\/cabbia.it\/wp-content\/uploads\/2025\/09\/PROVENZA_4-560x450.jpg\" width=\"560\" height=\"450\" title=\"PROVENZA_4\" alt=\"PROVENZA_4\">\n<h2 data-start=\"119\" data-end=\"149\"><strong data-start=\"122\" data-end=\"147\">Provenza<\/strong><\/h2>\n<h4>La bellezza del rovere Provenza<\/h4>\n\u00a0\n<p>Con questo parquet in rovere Provenza, abbiamo realizzato un pavimento molto caldo nei toni ma al contempo luminoso.<\/p>\n<a href=\"https:\/\/cabbia.it\/?page_id=369\" > Scopri <em><svg aria-hidden=\"true\"><use href=\"#tf-ti-arrow-right\"><\/use><\/svg><\/em> <\/a>\n<h2 data-start=\"132\" data-end=\"168\"><strong data-start=\"135\" data-end=\"166\">Visone<\/strong><\/h2>\n<h4>Nuova vita al \u201ctotal black\u201d<\/h4>\n<p>Con questo pavimento in rovere realizzato con taglio a 45\u00b0 per posa a spina francese, abbiamo voluto dare nuova vita al \u201ctotal black\u201d.<\/p>\n<a href=\"https:\/\/cabbia.it\/?page_id=355\" > Scopri <em><svg aria-hidden=\"true\"><use href=\"#tf-ti-arrow-right\"><\/use><\/svg><\/em> <\/a>\n<img src=\"https:\/\/cabbia.it\/wp-content\/uploads\/2025\/09\/WENGE-VISONE-1024x695-560x450.jpg\" width=\"560\" height=\"450\" title=\"WENGE VISONE\" alt=\"WENGE VISONE\">\n<img src=\"https:\/\/cabbia.it\/wp-content\/uploads\/2025\/12\/spina_francese_crudo-1024x683-560x450.png\" width=\"560\" height=\"450\" title=\"spina_francese_crudo\" alt=\"spina francese crudo\">\n<h2 data-start=\"119\" data-end=\"149\"><strong data-start=\"122\" data-end=\"147\">Crudo<\/strong><\/h2>\n<h4>\u00a0<\/h4>\n<p>La\u00a0<strong data-start=\"274\" data-end=\"298\">Spina Francese Crudo<\/strong>\u00a0di\u00a0<em>Cabbia<\/em>\u00a0nasce dall\u2019incontro tra tradizione artigianale e visione contemporanea. \u00c8 un parquet che non vuole semplicemente arredare: vuole raccontare una storia.<br data-start=\"463\" data-end=\"466\">Una storia fatta di equilibrio, autenticit\u00e0 e bellezza naturale. Ogni tavola viene selezionata con cura, \u201clistone per listone\u201d, per garantire un risultato visivo armonico, pulito, ricco di sfumature ma mai invasivo.<\/p>\n<a href=\"https:\/\/cabbia.it\/?page_id=369\" > Scopri <em><svg aria-hidden=\"true\"><use href=\"#tf-ti-arrow-right\"><\/use><\/svg><\/em> <\/a>\n<h2>We partner with our clients to understand their vision, objectives and other opportunities so we can deliver a design fit exclusively for you.<\/h2>\n<h2>Recent Projects<\/h2>","_links":{"self":[{"href":"https:\/\/cabbia.it\/index.php?rest_route=\/wp\/v2\/pages\/922","targetHints":{"allow":["GET"]}}],"collection":[{"href":"https:\/\/cabbia.it\/index.php?rest_route=\/wp\/v2\/pages"}],"about":[{"href":"https:\/\/cabbia.it\/index.php?rest_route=\/wp\/v2\/types\/page"}],"author":[{"embeddable":true,"href":"https:\/\/cabbia.it\/index.php?rest_route=\/wp\/v2\/users\/1"}],"replies":[{"embeddable":true,"href":"https:\/\/cabbia.it\/index.php?rest_route=%2Fwp%2Fv2%2Fcomments&post=922"}],"version-history":[{"count":12,"href":"https:\/\/cabbia.it\/index.php?rest_route=\/wp\/v2\/pages\/922\/revisions"}],"predecessor-version":[{"id":1170,"href":"https:\/\/cabbia.it\/index.php?rest_route=\/wp\/v2\/pages\/922\/revisions\/1170"}],"wp:attachment":[{"href":"https:\/\/cabbia.it\/index.php?rest_route=%2Fwp%2Fv2%2Fmedia&parent=922"}],"curies":[{"name":"wp","href":"https:\/\/api.w.org\/{rel}","templated":true}]}}